{"id":964,"date":"2023-03-01T20:21:58","date_gmt":"2023-03-02T01:21:58","guid":{"rendered":"https:\/\/www.chateausteagnes.com\/?post_type=product&#038;p=964"},"modified":"2026-03-18T11:52:14","modified_gmt":"2026-03-18T15:52:14","slug":"vin-rouge","status":"publish","type":"product","link":"https:\/\/chateausteagnes.com\/fr\/boutique\/vins\/vin-rouge\/","title":{"rendered":"Vin Rouge"},"content":{"rendered":"<p>[et_pb_section fb_built=\u00a0\u00bb1&Prime; custom_padding_last_edited=\u00a0\u00bbon|tablet\u00a0\u00bb _builder_version=\u00a0\u00bb4.19.4&Prime; background_color=\u00a0\u00bbRGBA(255,255,255,0)\u00a0\u00bb width=\u00a0\u00bb100%\u00a0\u00bb max_width=\u00a0\u00bb1900px\u00a0\u00bb custom_margin=\u00a0\u00bb||0px||false|false\u00a0\u00bb custom_padding=\u00a0\u00bb0px||||false|false\u00a0\u00bb custom_padding_tablet=\u00a0\u00bb||0px||false|false\u00a0\u00bb custom_padding_phone=\u00a0\u00bb||0px||false|false\u00a0\u00bb global_colors_info=\u00a0\u00bb{}\u00a0\u00bb][et_pb_row _builder_version=\u00a0\u00bb4.16&Prime; background_size=\u00a0\u00bbinitial\u00a0\u00bb background_position=\u00a0\u00bbtop_left\u00a0\u00bb background_repeat=\u00a0\u00bbrepeat\u00a0\u00bb width=\u00a0\u00bb100%\u00a0\u00bb custom_padding=\u00a0\u00bb0px||0px||false|false\u00a0\u00bb global_colors_info=\u00a0\u00bb{}\u00a0\u00bb][et_pb_column type=\u00a0\u00bb4_4&Prime; _builder_version=\u00a0\u00bb4.16&Prime; custom_padding=\u00a0\u00bb|||\u00a0\u00bb global_colors_info=\u00a0\u00bb{}\u00a0\u00bb custom_padding__hover=\u00a0\u00bb|||\u00a0\u00bb][et_pb_wc_breadcrumb _builder_version=\u00a0\u00bb4.16&Prime; global_colors_info=\u00a0\u00bb{}\u00a0\u00bb][\/et_pb_wc_breadcrumb][et_pb_wc_cart_notice _builder_version=\u00a0\u00bb4.19.4&Prime; title_text_color=\u00a0\u00bb#423E3D\u00a0\u00bb title_font_size=\u00a0\u00bb14px\u00a0\u00bb background_color=\u00a0\u00bb#F3EEE7&Prime; custom_button=\u00a0\u00bbon\u00a0\u00bb button_text_size=\u00a0\u00bb14px\u00a0\u00bb button_text_color=\u00a0\u00bb#423E3D\u00a0\u00bb button_bg_color=\u00a0\u00bbRGBA(255,255,255,0)\u00a0\u00bb button_border_width=\u00a0\u00bb1px\u00a0\u00bb button_border_color=\u00a0\u00bb#423E3D\u00a0\u00bb button_border_radius=\u00a0\u00bb0px\u00a0\u00bb button_letter_spacing=\u00a0\u00bb1.5px\u00a0\u00bb button_use_icon=\u00a0\u00bboff\u00a0\u00bb button_custom_padding=\u00a0\u00bb0px|0px|0px|0px|false|false\u00a0\u00bb custom_padding=\u00a0\u00bb10px|16px|10px|16px|false|false\u00a0\u00bb global_colors_info=\u00a0\u00bb{}\u00a0\u00bb][\/et_pb_wc_cart_notice][\/et_pb_column][\/et_pb_row][et_pb_row column_structure=\u00a0\u00bb1_2,1_2&Prime; use_custom_gutter=\u00a0\u00bbon\u00a0\u00bb gutter_width=\u00a0\u00bb2&Prime; _builder_version=\u00a0\u00bb4.21.0&Prime; background_size=\u00a0\u00bbinitial\u00a0\u00bb background_position=\u00a0\u00bbtop_left\u00a0\u00bb background_repeat=\u00a0\u00bbrepeat\u00a0\u00bb width=\u00a0\u00bb100%\u00a0\u00bb custom_margin=\u00a0\u00bb||60px||false|false\u00a0\u00bb custom_padding=\u00a0\u00bb0px||||false|false\u00a0\u00bb global_colors_info=\u00a0\u00bb{}\u00a0\u00bb][et_pb_column type=\u00a0\u00bb1_2&Prime; _builder_version=\u00a0\u00bb4.16&Prime; custom_padding=\u00a0\u00bb|||\u00a0\u00bb global_colors_info=\u00a0\u00bb{}\u00a0\u00bb custom_padding__hover=\u00a0\u00bb|||\u00a0\u00bb][et_pb_text _builder_version=\u00a0\u00bb4.27.6&Prime; _module_preset=\u00a0\u00bbdefault\u00a0\u00bb background_image=\u00a0\u00bbhttps:\/\/chateausteagnes.com\/wp-content\/uploads\/Ch.STE_AGNES_June2025_AudreyLaferriere_10119.jpg\u00a0\u00bb height=\u00a0\u00bb850px\u00a0\u00bb height_tablet=\u00a0\u00bb500px\u00a0\u00bb height_phone=\u00a0\u00bb200px\u00a0\u00bb height_last_edited=\u00a0\u00bbon|phone\u00a0\u00bb hover_enabled=\u00a0\u00bb0&Prime; locked=\u00a0\u00bboff\u00a0\u00bb global_colors_info=\u00a0\u00bb{}\u00a0\u00bb background_last_edited=\u00a0\u00bbon|phone\u00a0\u00bb sticky_enabled=\u00a0\u00bb0&Prime; background_image_phone=\u00a0\u00bbhttps:\/\/chateausteagnes.com\/wp-content\/uploads\/Darker_Ch.STE_AGNES_June2025_AudreyLaferriere_10119-rotated.jpg\u00a0\u00bb background_enable_image_phone=\u00a0\u00bbon\u00a0\u00bb title_text=\u00a0\u00bbDarker_Ch.+STE_AGNES_June+2025_Audrey+Laferriere_10119&Prime;][\/et_pb_text][\/et_pb_column][et_pb_column type=\u00a0\u00bb1_2&Prime; _builder_version=\u00a0\u00bb4.16&Prime; custom_padding=\u00a0\u00bb|||\u00a0\u00bb global_colors_info=\u00a0\u00bb{}\u00a0\u00bb custom_padding__hover=\u00a0\u00bb|||\u00a0\u00bb][et_pb_wc_title _builder_version=\u00a0\u00bb4.16&Prime; global_colors_info=\u00a0\u00bb{}\u00a0\u00bb][\/et_pb_wc_title][et_pb_wc_price _builder_version=\u00a0\u00bb4.19.4&Prime; body_font_size=\u00a0\u00bb40px\u00a0\u00bb body_letter_spacing=\u00a0\u00bb2px\u00a0\u00bb body_line_height=\u00a0\u00bb2em\u00a0\u00bb global_colors_info=\u00a0\u00bb{}\u00a0\u00bb][\/et_pb_wc_price][et_pb_wc_description _builder_version=\u00a0\u00bb4.20.0&Prime; custom_padding=\u00a0\u00bb|130px|40px||false|false\u00a0\u00bb custom_padding_tablet=\u00a0\u00bb|0px|||false|false\u00a0\u00bb custom_padding_phone=\u00a0\u00bb|0px|||false|false\u00a0\u00bb custom_padding_last_edited=\u00a0\u00bbon|tablet\u00a0\u00bb global_colors_info=\u00a0\u00bb{}\u00a0\u00bb][\/et_pb_wc_description][et_pb_wc_add_to_cart _builder_version=\u00a0\u00bb4.20.0&Prime; _module_preset=\u00a0\u00bbdefault\u00a0\u00bb width_tablet=\u00a0\u00bb100%\u00a0\u00bb width_phone=\u00a0\u00bb100%\u00a0\u00bb width_last_edited=\u00a0\u00bbon|desktop\u00a0\u00bb border_width_all_fields=\u00a0\u00bb1px\u00a0\u00bb border_color_all_fields=\u00a0\u00bb#423E3D\u00a0\u00bb border_width_all_dropdown_menus=\u00a0\u00bb1px\u00a0\u00bb border_color_all_dropdown_menus=\u00a0\u00bb#423E3D\u00a0\u00bb global_colors_info=\u00a0\u00bb{}\u00a0\u00bb][\/et_pb_wc_add_to_cart][\/et_pb_column][\/et_pb_row][\/et_pb_section][et_pb_section fb_built=\u00a0\u00bb1&Prime; disabled_on=\u00a0\u00bbon|on|on\u00a0\u00bb _builder_version=\u00a0\u00bb4.20.0&Prime; background_color=\u00a0\u00bbRGBA(255,255,255,0)\u00a0\u00bb width=\u00a0\u00bb100%\u00a0\u00bb max_width=\u00a0\u00bb1900px\u00a0\u00bb custom_padding=\u00a0\u00bb0px||||false|false\u00a0\u00bb disabled=\u00a0\u00bbon\u00a0\u00bb global_colors_info=\u00a0\u00bb{}\u00a0\u00bb][et_pb_row _builder_version=\u00a0\u00bb4.20.0&Prime; background_size=\u00a0\u00bbinitial\u00a0\u00bb background_position=\u00a0\u00bbtop_left\u00a0\u00bb background_repeat=\u00a0\u00bbrepeat\u00a0\u00bb width=\u00a0\u00bb100%\u00a0\u00bb custom_margin=\u00a0\u00bb140px||130px||false|false\u00a0\u00bb custom_padding=\u00a0\u00bb0px||||false|false\u00a0\u00bb global_colors_info=\u00a0\u00bb{}\u00a0\u00bb][et_pb_column type=\u00a0\u00bb4_4&Prime; _builder_version=\u00a0\u00bb4.16&Prime; custom_padding=\u00a0\u00bb|||\u00a0\u00bb global_colors_info=\u00a0\u00bb{}\u00a0\u00bb custom_padding__hover=\u00a0\u00bb|||\u00a0\u00bb][et_pb_text _builder_version=\u00a0\u00bb4.20.0&Prime; _module_preset=\u00a0\u00bbdefault\u00a0\u00bb custom_padding=\u00a0\u00bb60px||60px||false|false\u00a0\u00bb border_width_top=\u00a0\u00bb1px\u00a0\u00bb border_color_top=\u00a0\u00bb#E5DDCF\u00a0\u00bb border_width_bottom=\u00a0\u00bb1px\u00a0\u00bb border_color_bottom=\u00a0\u00bb#E5DDCF\u00a0\u00bb global_colors_info=\u00a0\u00bb{}\u00a0\u00bb]<\/p>\n<div id=\"block-fd8665d801d3dad13b1d\" class=\"sqs-block html-block sqs-block-html\" data-block-type=\"2\">\n<div class=\"sqs-block-content\">\n<p class=\"preFade fadeIn\" style=\"text-align: center;\">\u2605\u2605\u2605\u2605\u2605<\/p>\n<p class=\"preFade fadeIn\" style=\"text-align: center;\">\n<\/div>\n<\/div>\n<div class=\"row sqs-row\">\n<div class=\"col sqs-col-8 span-8\">\n<div id=\"block-3b963fab491fefcaa895\" class=\"sqs-block html-block sqs-block-html\" data-block-type=\"2\">\n<div class=\"sqs-block-content\">\n<p class=\"preFade fadeIn\" style=\"text-align: center;\">\u00ab\u00a0Je l&rsquo;adore. Il m&rsquo;aide \u00e0 me restaurer et \u00e0 me r\u00e9g\u00e9n\u00e9rer. Je recommanderai certainement \u00e0 mes amis et \u00e0 ma famille, et je l&rsquo;ach\u00e8terai probablement \u00e0 nouveau !\u00a0\u00bb<\/p>\n<p class=\"preFade fadeIn\" style=\"text-align: center;\"><em>Willow C.<\/em><\/p>\n<\/div>\n<\/div>\n<\/div>\n<\/div>\n<p>[\/et_pb_text][\/et_pb_column][\/et_pb_row][\/et_pb_section][et_pb_section fb_built=\u00a0\u00bb1&Prime; specialty=\u00a0\u00bbon\u00a0\u00bb padding_top_1=\u00a0\u00bb0px\u00a0\u00bb padding_bottom_1=\u00a0\u00bb0px\u00a0\u00bb padding_top_bottom_link_1=\u00a0\u00bbfalse\u00a0\u00bb padding_left_right_link_1=\u00a0\u00bbfalse\u00a0\u00bb disabled_on=\u00a0\u00bbon|on|on\u00a0\u00bb _builder_version=\u00a0\u00bb4.20.0&Prime; _module_preset=\u00a0\u00bbdefault\u00a0\u00bb background_color=\u00a0\u00bbRGBA(255,255,255,0)\u00a0\u00bb width=\u00a0\u00bb100%\u00a0\u00bb inner_width=\u00a0\u00bb100%\u00a0\u00bb custom_margin=\u00a0\u00bb0px|0px|80px|0px|false|false\u00a0\u00bb custom_padding=\u00a0\u00bb0px|0px|0px|0px|false|false\u00a0\u00bb disabled=\u00a0\u00bbon\u00a0\u00bb global_colors_info=\u00a0\u00bb{}\u00a0\u00bb][et_pb_column type=\u00a0\u00bb1_3&Prime; _builder_version=\u00a0\u00bb4.16&Prime; custom_padding=\u00a0\u00bb|||\u00a0\u00bb global_colors_info=\u00a0\u00bb{}\u00a0\u00bb custom_padding__hover=\u00a0\u00bb|||\u00a0\u00bb][et_pb_text _builder_version=\u00a0\u00bb4.20.0&Prime; _module_preset=\u00a0\u00bbdefault\u00a0\u00bb custom_margin=\u00a0\u00bb0px||||false|false\u00a0\u00bb custom_padding=\u00a0\u00bb0px||||false|false\u00a0\u00bb global_colors_info=\u00a0\u00bb{}\u00a0\u00bb]<\/p>\n<h4 class=\"preFade fadeIn\">Conscience du climat<\/h4>\n<p class=\"preFade fadeIn\">D\u00e8s le d\u00e9but, lorsque le vignoble a \u00e9t\u00e9 d\u00e9velopp\u00e9 en 1997, il a \u00e9t\u00e9 fait de mani\u00e8re \u00e0 \u00eatre le plus harmonieux possible avec l&rsquo;environnement, en pr\u00e9servant la biodiversit\u00e9 de nos terres et en utilisant des m\u00e9thodes agricoles durables. Les c\u00e9pages qui ont \u00e9t\u00e9 plant\u00e9s ont \u00e9t\u00e9 choisis parce que c&rsquo;est ce que notre climat froid permet. Aucun traitement chimique n&rsquo;est utilis\u00e9 et nous n&rsquo;utilisons que des m\u00e9thodes biologiques pour entretenir nos 7 000 vignes.<\/p>\n<h4 class=\"preFade fadeIn\">Artisanal<\/h4>\n<p class=\"preFade fadeIn\">Nos mill\u00e9simes sont \u00e9labor\u00e9s \u00e0 la main, selon des m\u00e9thodes et des techniques traditionnelles. Nous fabriquons du vin \u00e0 l&rsquo;ancienne, les raisins sont cueillis \u00e0 la main, la fermentation est effectu\u00e9e en petits lots et le processus de vieillissement est soigneusement contr\u00f4l\u00e9. Le processus, du d\u00e9but \u00e0 la fin, est r\u00e9alis\u00e9 par nos soins en interne, du pressage \u00e0 la main \u00e0 la mise en bouteille et enfin au bouchage de chaque bouteille, une par une. Le r\u00e9sultat est un vin unique qui refl\u00e8te la cr\u00e9ativit\u00e9 et le savoir-faire du vigneron.<strong> <\/strong><\/p>\n<h4 class=\"preFade fadeIn\">Petit lot<\/h4>\n<p class=\"preFade fadeIn\">Nous sommes un vignoble artisanal et nous sommes donc pouss\u00e9s par l&rsquo;amour et la curiosit\u00e9 naturelle \u00e0 innover. Notre vin est \u00e9labor\u00e9 gr\u00e2ce \u00e0 une combinaison de soins, de patience et d&rsquo;intervention minimale, ce qui donne des vins uniques qui ont de la personnalit\u00e9 et de l&rsquo;\u00e2me. M\u00e8re Nature d\u00e9cide de ce qui entre dans la composition du vin et, en fin de compte, de son go\u00fbt. En raison de notre production limit\u00e9e, nous proposons nos vins exclusivement dans notre boutique.<\/p>\n<h4 class=\"preFade fadeIn\">Traditionnel<\/h4>\n<p class=\"preFade fadeIn\">Nous utilisons une m\u00e9thode de culture traditionnelle \u00e0 un seul tuteur qui remonte \u00e0 l&rsquo;\u00e9poque romaine. Nos 18 terrasses de vignes ont \u00e9t\u00e9 install\u00e9es de cette fa\u00e7on pour faciliter la culture sur notre pente de 30 degr\u00e9s. Cette m\u00e9thode, qui exige beaucoup de travail et ne permet aucune m\u00e9canisation, est l&rsquo;une des caract\u00e9ristiques les plus difficiles mais aussi les plus charmantes de notre domaine et nous appr\u00e9cions d&rsquo;autant plus chaque goutte de vin produite.<\/p>\n<p>[\/et_pb_text][\/et_pb_column][et_pb_column type=\u00a0\u00bb2_3&Prime; specialty_columns=\u00a0\u00bb2&Prime; _builder_version=\u00a0\u00bb4.16&Prime; custom_padding=\u00a0\u00bb|||\u00a0\u00bb global_colors_info=\u00a0\u00bb{}\u00a0\u00bb custom_padding__hover=\u00a0\u00bb|||\u00a0\u00bb][et_pb_row_inner column_structure=\u00a0\u00bb1_2,1_2&Prime; use_custom_gutter=\u00a0\u00bbon\u00a0\u00bb gutter_width=\u00a0\u00bb2&Prime; _builder_version=\u00a0\u00bb4.20.0&Prime; _module_preset=\u00a0\u00bbdefault\u00a0\u00bb custom_padding=\u00a0\u00bb20px||0px|130px|false|false\u00a0\u00bb global_colors_info=\u00a0\u00bb{}\u00a0\u00bb][et_pb_column_inner type=\u00a0\u00bb1_2&Prime; saved_specialty_column_type=\u00a0\u00bb2_3&Prime; _builder_version=\u00a0\u00bb4.20.0&Prime; _module_preset=\u00a0\u00bbdefault\u00a0\u00bb global_colors_info=\u00a0\u00bb{}\u00a0\u00bb][et_pb_image src=\u00a0\u00bbhttps:\/\/chateausteagnes.com\/wp-content\/uploads\/Tasting_Entrance_Experience.jpeg\u00a0\u00bb alt=\u00a0\u00bbCh\u00e2teau Ste-Agn\u00e8s exp\u00e9rience d\u00e9gustation et entr\u00e9e\u00a0\u00bb title_text=\u00a0\u00bbCh\u00e2teau Ste-Agn\u00e8s exp\u00e9rience d\u00e9gustation et entr\u00e9e\u00a0\u00bb _builder_version=\u00a0\u00bb4.20.0&Prime; _module_preset=\u00a0\u00bbdefault\u00a0\u00bb global_colors_info=\u00a0\u00bb{}\u00a0\u00bb][\/et_pb_image][\/et_pb_column_inner][et_pb_column_inner type=\u00a0\u00bb1_2&Prime; saved_specialty_column_type=\u00a0\u00bb2_3&Prime; _builder_version=\u00a0\u00bb4.20.0&Prime; _module_preset=\u00a0\u00bbdefault\u00a0\u00bb global_colors_info=\u00a0\u00bb{}\u00a0\u00bb][et_pb_image src=\u00a0\u00bbhttps:\/\/www.chateausteagnes.com\/wp-content\/uploads\/On_Cloud_Wine-e1677703211559.jpeg\u00a0\u00bb alt=\u00a0\u00bbLes vins du Ch\u00e2teau Ste-Agn\u00e8s\u00a0\u00bb title_text=\u00a0\u00bbLes vins du Ch\u00e2teau Ste-Agn\u00e8s\u00a0\u00bb _builder_version=\u00a0\u00bb4.20.0&Prime; _module_preset=\u00a0\u00bbdefault\u00a0\u00bb global_colors_info=\u00a0\u00bb{}\u00a0\u00bb][\/et_pb_image][et_pb_text _builder_version=\u00a0\u00bb4.20.0&Prime; _module_preset=\u00a0\u00bbdefault\u00a0\u00bb background_color=\u00a0\u00bb#F3EEE7&Prime; width=\u00a0\u00bb50%\u00a0\u00bb custom_padding=\u00a0\u00bb20px|20px|20px|20px|false|false\u00a0\u00bb global_colors_info=\u00a0\u00bb{}\u00a0\u00bb]<\/p>\n<p class=\"preFade fadeIn\"><strong>Vintage<br \/>\n<\/strong>2017<\/p>\n<p class=\"preFade fadeIn\"><strong>C\u00e9page<br \/>\n<\/strong>Vidal<\/p>\n<p class=\"preFade fadeIn\"><strong>Lot<br \/>\n<\/strong>1000 bouteilles<\/p>\n<p class=\"preFade fadeIn\"><strong>Alcool %<br \/>\n<\/strong>14,4<\/p>\n<p class=\"preFade fadeIn\"><a href=\"https:\/\/chateaustagnes.squarespace.com\/ingredients\" target=\"_blank\" rel=\"noopener\">Liste compl\u00e8te des ingr\u00e9dients<\/a><\/p>\n<p>[\/et_pb_text][\/et_pb_column_inner][\/et_pb_row_inner][\/et_pb_column][\/et_pb_section]<\/p>\n","protected":false},"excerpt":{"rendered":"<p>Notre vin rouge, \u00e9labor\u00e9 de Marquette, est terreux et complexe, avec une belle profondeur et caract\u00e8re. Il est ferment\u00e9 pendant deux semaines dans des f\u00fbts de ch\u00eane fran\u00e7ais neutres, puis vieilli pendant six mois dans les m\u00eames f\u00fbts. \u00c0 d\u00e9guster d\u00e8s maintenant ou \u00e0 laisser vieillir deux \u00e0 cinq ans pour une complexit\u00e9 encore plus grande.<\/p>\n<p><strong>Notes de d\u00e9gustation &#8211;<\/strong> Terreux et complexe avec des couches riches de fruits rouges, betteraves et balsamique. Une subtile note de fum\u00e9e et une touche d\u2019\u00e9pices.<br \/>\n<strong>C\u00e9pages &#8211;<\/strong> 100% Marquette<br \/>\n<strong>Accords &#8211;<\/strong> Steak ou un d\u00e9cadent boeuf Wellington. Il aime aussi \u00eatre avec des plats italiens, et il ne dira pas non \u00e0 un peu de chocolat noir pour le dessert\u2009!<br \/>\n<strong>\u00c0 propops de l&rsquo;\u00e9tiquette &#8211;<\/strong> La t\u00eate du lion prot\u00e8ge l\u2019entr\u00e9e de notre cave. Illustration par Christiane Roy, une artiste locale de Sutton.<\/p>\n","protected":false},"featured_media":22503,"template":"","meta":{"_et_pb_use_builder":"on","_et_pb_old_content":"","_et_gb_content_width":""},"product_brand":[],"product_cat":[41],"product_tag":[],"class_list":{"0":"post-964","1":"product","2":"type-product","3":"status-publish","4":"has-post-thumbnail","6":"product_cat-vins","8":"first","9":"instock","10":"taxable","11":"shipping-taxable","12":"purchasable","13":"product-type-simple"},"yoast_head":"<!-- This site is optimized with the Yoast SEO plugin v27.4 - https:\/\/yoast.com\/product\/yoast-seo-wordpress\/ -->\n<title>Vin Rouge &#8212; Ch\u00e2teau Ste-Agn\u00e8s<\/title>\n<meta name=\"description\" content=\"Notre vin rouge, \u00e9labor\u00e9 de Marquette, est terreux et complexe, avec une belle profondeur et caract\u00e8re.\" \/>\n<meta name=\"robots\" content=\"index, follow, max-snippet:-1, max-image-preview:large, max-video-preview:-1\" \/>\n<link rel=\"canonical\" href=\"https:\/\/chateausteagnes.com\/fr\/boutique\/vins\/vin-rouge\/\" \/>\n<meta property=\"og:locale\" content=\"fr_FR\" \/>\n<meta property=\"og:type\" content=\"article\" \/>\n<meta property=\"og:title\" content=\"Vin Rouge &#8212; Ch\u00e2teau Ste-Agn\u00e8s\" \/>\n<meta property=\"og:description\" content=\"Notre vin rouge, \u00e9labor\u00e9 de Marquette, est terreux et complexe, avec une belle profondeur et caract\u00e8re.\" \/>\n<meta property=\"og:url\" content=\"https:\/\/chateausteagnes.com\/fr\/boutique\/vins\/vin-rouge\/\" \/>\n<meta property=\"og:site_name\" content=\"Ch\u00e2teau Ste-Agn\u00e8s\" \/>\n<meta property=\"article:modified_time\" content=\"2026-03-18T15:52:14+00:00\" \/>\n<meta property=\"og:image\" content=\"https:\/\/chateausteagnes.com\/wp-content\/uploads\/Ch.STE_AGNES_June2025_AudreyLaferriere_10119-1.jpg\" \/>\n\t<meta property=\"og:image:width\" content=\"1000\" \/>\n\t<meta property=\"og:image:height\" content=\"1500\" \/>\n\t<meta property=\"og:image:type\" content=\"image\/jpeg\" \/>\n<meta name=\"twitter:card\" content=\"summary_large_image\" \/>\n<meta name=\"twitter:label1\" content=\"Dur\u00e9e de lecture estim\u00e9e\" \/>\n\t<meta name=\"twitter:data1\" content=\"2 minutes\" \/>\n<script type=\"application\/ld+json\" class=\"yoast-schema-graph\">{\"@context\":\"https:\\\/\\\/schema.org\",\"@graph\":[{\"@type\":\"WebPage\",\"@id\":\"https:\\\/\\\/chateausteagnes.com\\\/fr\\\/boutique\\\/vins\\\/vin-rouge\\\/\",\"url\":\"https:\\\/\\\/chateausteagnes.com\\\/fr\\\/boutique\\\/vins\\\/vin-rouge\\\/\",\"name\":\"Vin Rouge &#8212; Ch\u00e2teau Ste-Agn\u00e8s\",\"isPartOf\":{\"@id\":\"https:\\\/\\\/chateausteagnes.com\\\/fr\\\/#website\"},\"primaryImageOfPage\":{\"@id\":\"https:\\\/\\\/chateausteagnes.com\\\/fr\\\/boutique\\\/vins\\\/vin-rouge\\\/#primaryimage\"},\"image\":{\"@id\":\"https:\\\/\\\/chateausteagnes.com\\\/fr\\\/boutique\\\/vins\\\/vin-rouge\\\/#primaryimage\"},\"thumbnailUrl\":\"https:\\\/\\\/chateausteagnes.com\\\/wp-content\\\/uploads\\\/Ch.STE_AGNES_June2025_AudreyLaferriere_10119-1.jpg\",\"datePublished\":\"2023-03-02T01:21:58+00:00\",\"dateModified\":\"2026-03-18T15:52:14+00:00\",\"description\":\"Notre vin rouge, \u00e9labor\u00e9 de Marquette, est terreux et complexe, avec une belle profondeur et caract\u00e8re.\",\"breadcrumb\":{\"@id\":\"https:\\\/\\\/chateausteagnes.com\\\/fr\\\/boutique\\\/vins\\\/vin-rouge\\\/#breadcrumb\"},\"inLanguage\":\"fr-FR\",\"potentialAction\":[{\"@type\":\"ReadAction\",\"target\":[\"https:\\\/\\\/chateausteagnes.com\\\/fr\\\/boutique\\\/vins\\\/vin-rouge\\\/\"]}]},{\"@type\":\"ImageObject\",\"inLanguage\":\"fr-FR\",\"@id\":\"https:\\\/\\\/chateausteagnes.com\\\/fr\\\/boutique\\\/vins\\\/vin-rouge\\\/#primaryimage\",\"url\":\"https:\\\/\\\/chateausteagnes.com\\\/wp-content\\\/uploads\\\/Ch.STE_AGNES_June2025_AudreyLaferriere_10119-1.jpg\",\"contentUrl\":\"https:\\\/\\\/chateausteagnes.com\\\/wp-content\\\/uploads\\\/Ch.STE_AGNES_June2025_AudreyLaferriere_10119-1.jpg\",\"width\":1000,\"height\":1500},{\"@type\":\"BreadcrumbList\",\"@id\":\"https:\\\/\\\/chateausteagnes.com\\\/fr\\\/boutique\\\/vins\\\/vin-rouge\\\/#breadcrumb\",\"itemListElement\":[{\"@type\":\"ListItem\",\"position\":1,\"name\":\"Home\",\"item\":\"https:\\\/\\\/chateausteagnes.com\\\/fr\\\/\"},{\"@type\":\"ListItem\",\"position\":2,\"name\":\"Boutique\",\"item\":\"https:\\\/\\\/chateausteagnes.com\\\/fr\\\/boutique\\\/\"},{\"@type\":\"ListItem\",\"position\":3,\"name\":\"Vin Rouge\"}]},{\"@type\":\"WebSite\",\"@id\":\"https:\\\/\\\/chateausteagnes.com\\\/fr\\\/#website\",\"url\":\"https:\\\/\\\/chateausteagnes.com\\\/fr\\\/\",\"name\":\"Ch\u00e2teau Ste-Agn\u00e8s\",\"description\":\"\",\"publisher\":{\"@id\":\"https:\\\/\\\/chateausteagnes.com\\\/fr\\\/#organization\"},\"potentialAction\":[{\"@type\":\"SearchAction\",\"target\":{\"@type\":\"EntryPoint\",\"urlTemplate\":\"https:\\\/\\\/chateausteagnes.com\\\/fr\\\/?s={search_term_string}\"},\"query-input\":{\"@type\":\"PropertyValueSpecification\",\"valueRequired\":true,\"valueName\":\"search_term_string\"}}],\"inLanguage\":\"fr-FR\"},{\"@type\":\"Organization\",\"@id\":\"https:\\\/\\\/chateausteagnes.com\\\/fr\\\/#organization\",\"name\":\"Ch\u00e2teau Ste-Agn\u00e8s\",\"url\":\"https:\\\/\\\/chateausteagnes.com\\\/fr\\\/\",\"logo\":{\"@type\":\"ImageObject\",\"inLanguage\":\"fr-FR\",\"@id\":\"https:\\\/\\\/chateausteagnes.com\\\/fr\\\/#\\\/schema\\\/logo\\\/image\\\/\",\"url\":\"https:\\\/\\\/www.chateausteagnes.com\\\/wp-content\\\/uploads\\\/2023\\\/01\\\/newlogo-nosymbol.png\",\"contentUrl\":\"https:\\\/\\\/www.chateausteagnes.com\\\/wp-content\\\/uploads\\\/2023\\\/01\\\/newlogo-nosymbol.png\",\"width\":590,\"height\":133,\"caption\":\"Ch\u00e2teau Ste-Agn\u00e8s\"},\"image\":{\"@id\":\"https:\\\/\\\/chateausteagnes.com\\\/fr\\\/#\\\/schema\\\/logo\\\/image\\\/\"}}]}<\/script>\n<!-- \/ Yoast SEO plugin. -->","yoast_head_json":{"title":"Vin Rouge &#8212; Ch\u00e2teau Ste-Agn\u00e8s","description":"Notre vin rouge, \u00e9labor\u00e9 de Marquette, est terreux et complexe, avec une belle profondeur et caract\u00e8re.","robots":{"index":"index","follow":"follow","max-snippet":"max-snippet:-1","max-image-preview":"max-image-preview:large","max-video-preview":"max-video-preview:-1"},"canonical":"https:\/\/chateausteagnes.com\/fr\/boutique\/vins\/vin-rouge\/","og_locale":"fr_FR","og_type":"article","og_title":"Vin Rouge &#8212; Ch\u00e2teau Ste-Agn\u00e8s","og_description":"Notre vin rouge, \u00e9labor\u00e9 de Marquette, est terreux et complexe, avec une belle profondeur et caract\u00e8re.","og_url":"https:\/\/chateausteagnes.com\/fr\/boutique\/vins\/vin-rouge\/","og_site_name":"Ch\u00e2teau Ste-Agn\u00e8s","article_modified_time":"2026-03-18T15:52:14+00:00","og_image":[{"width":1000,"height":1500,"url":"https:\/\/chateausteagnes.com\/wp-content\/uploads\/Ch.STE_AGNES_June2025_AudreyLaferriere_10119-1.jpg","type":"image\/jpeg"}],"twitter_card":"summary_large_image","twitter_misc":{"Dur\u00e9e de lecture estim\u00e9e":"2 minutes"},"schema":{"@context":"https:\/\/schema.org","@graph":[{"@type":"WebPage","@id":"https:\/\/chateausteagnes.com\/fr\/boutique\/vins\/vin-rouge\/","url":"https:\/\/chateausteagnes.com\/fr\/boutique\/vins\/vin-rouge\/","name":"Vin Rouge &#8212; Ch\u00e2teau Ste-Agn\u00e8s","isPartOf":{"@id":"https:\/\/chateausteagnes.com\/fr\/#website"},"primaryImageOfPage":{"@id":"https:\/\/chateausteagnes.com\/fr\/boutique\/vins\/vin-rouge\/#primaryimage"},"image":{"@id":"https:\/\/chateausteagnes.com\/fr\/boutique\/vins\/vin-rouge\/#primaryimage"},"thumbnailUrl":"https:\/\/chateausteagnes.com\/wp-content\/uploads\/Ch.STE_AGNES_June2025_AudreyLaferriere_10119-1.jpg","datePublished":"2023-03-02T01:21:58+00:00","dateModified":"2026-03-18T15:52:14+00:00","description":"Notre vin rouge, \u00e9labor\u00e9 de Marquette, est terreux et complexe, avec une belle profondeur et caract\u00e8re.","breadcrumb":{"@id":"https:\/\/chateausteagnes.com\/fr\/boutique\/vins\/vin-rouge\/#breadcrumb"},"inLanguage":"fr-FR","potentialAction":[{"@type":"ReadAction","target":["https:\/\/chateausteagnes.com\/fr\/boutique\/vins\/vin-rouge\/"]}]},{"@type":"ImageObject","inLanguage":"fr-FR","@id":"https:\/\/chateausteagnes.com\/fr\/boutique\/vins\/vin-rouge\/#primaryimage","url":"https:\/\/chateausteagnes.com\/wp-content\/uploads\/Ch.STE_AGNES_June2025_AudreyLaferriere_10119-1.jpg","contentUrl":"https:\/\/chateausteagnes.com\/wp-content\/uploads\/Ch.STE_AGNES_June2025_AudreyLaferriere_10119-1.jpg","width":1000,"height":1500},{"@type":"BreadcrumbList","@id":"https:\/\/chateausteagnes.com\/fr\/boutique\/vins\/vin-rouge\/#breadcrumb","itemListElement":[{"@type":"ListItem","position":1,"name":"Home","item":"https:\/\/chateausteagnes.com\/fr\/"},{"@type":"ListItem","position":2,"name":"Boutique","item":"https:\/\/chateausteagnes.com\/fr\/boutique\/"},{"@type":"ListItem","position":3,"name":"Vin Rouge"}]},{"@type":"WebSite","@id":"https:\/\/chateausteagnes.com\/fr\/#website","url":"https:\/\/chateausteagnes.com\/fr\/","name":"Ch\u00e2teau Ste-Agn\u00e8s","description":"","publisher":{"@id":"https:\/\/chateausteagnes.com\/fr\/#organization"},"potentialAction":[{"@type":"SearchAction","target":{"@type":"EntryPoint","urlTemplate":"https:\/\/chateausteagnes.com\/fr\/?s={search_term_string}"},"query-input":{"@type":"PropertyValueSpecification","valueRequired":true,"valueName":"search_term_string"}}],"inLanguage":"fr-FR"},{"@type":"Organization","@id":"https:\/\/chateausteagnes.com\/fr\/#organization","name":"Ch\u00e2teau Ste-Agn\u00e8s","url":"https:\/\/chateausteagnes.com\/fr\/","logo":{"@type":"ImageObject","inLanguage":"fr-FR","@id":"https:\/\/chateausteagnes.com\/fr\/#\/schema\/logo\/image\/","url":"https:\/\/www.chateausteagnes.com\/wp-content\/uploads\/2023\/01\/newlogo-nosymbol.png","contentUrl":"https:\/\/www.chateausteagnes.com\/wp-content\/uploads\/2023\/01\/newlogo-nosymbol.png","width":590,"height":133,"caption":"Ch\u00e2teau Ste-Agn\u00e8s"},"image":{"@id":"https:\/\/chateausteagnes.com\/fr\/#\/schema\/logo\/image\/"}}]}},"jetpack_sharing_enabled":true,"_links":{"self":[{"href":"https:\/\/chateausteagnes.com\/fr\/wp-json\/wp\/v2\/product\/964","targetHints":{"allow":["GET"]}}],"collection":[{"href":"https:\/\/chateausteagnes.com\/fr\/wp-json\/wp\/v2\/product"}],"about":[{"href":"https:\/\/chateausteagnes.com\/fr\/wp-json\/wp\/v2\/types\/product"}],"wp:featuredmedia":[{"embeddable":true,"href":"https:\/\/chateausteagnes.com\/fr\/wp-json\/wp\/v2\/media\/22503"}],"wp:attachment":[{"href":"https:\/\/chateausteagnes.com\/fr\/wp-json\/wp\/v2\/media?parent=964"}],"wp:term":[{"taxonomy":"product_brand","embeddable":true,"href":"https:\/\/chateausteagnes.com\/fr\/wp-json\/wp\/v2\/product_brand?post=964"},{"taxonomy":"product_cat","embeddable":true,"href":"https:\/\/chateausteagnes.com\/fr\/wp-json\/wp\/v2\/product_cat?post=964"},{"taxonomy":"product_tag","embeddable":true,"href":"https:\/\/chateausteagnes.com\/fr\/wp-json\/wp\/v2\/product_tag?post=964"}],"curies":[{"name":"wp","href":"https:\/\/api.w.org\/{rel}","templated":true}]}}