{"id":798,"date":"2023-02-24T22:22:07","date_gmt":"2023-02-25T03:22:07","guid":{"rendered":"https:\/\/www.chateausteagnes.com\/shop\/non%20class\u00e9\/pique-nique-social-luxe-minimum-quatre\/"},"modified":"2026-03-18T11:42:57","modified_gmt":"2026-03-18T15:42:57","slug":"social-luxe-picnic-minimum-quatre","status":"publish","type":"product","link":"https:\/\/chateausteagnes.com\/fr\/boutique\/experiences-fr\/social-luxe-picnic-minimum-quatre\/","title":{"rendered":"Pique-nique convivial de luxe \u00e0 partir de 4 personnes"},"content":{"rendered":"<p>[et_pb_section fb_built=\u00a0\u00bb1&Prime; custom_padding_last_edited=\u00a0\u00bbon|tablet\u00a0\u00bb _builder_version=\u00a0\u00bb4.19.4&Prime; background_color=\u00a0\u00bbRGBA(255,255,255,0)\u00a0\u00bb width=\u00a0\u00bb100%\u00a0\u00bb max_width=\u00a0\u00bb1900px\u00a0\u00bb custom_margin=\u00a0\u00bb||0px||false|false\u00a0\u00bb custom_padding=\u00a0\u00bb0px||||false|false\u00a0\u00bb custom_padding_tablet=\u00a0\u00bb||0px||false|false\u00a0\u00bb custom_padding_phone=\u00a0\u00bb||0px||false|false\u00a0\u00bb locked=\u00a0\u00bboff\u00a0\u00bb global_colors_info=\u00a0\u00bb{}\u00a0\u00bb][et_pb_row _builder_version=\u00a0\u00bb4.16&Prime; background_size=\u00a0\u00bbinitial\u00a0\u00bb background_position=\u00a0\u00bbtop_left\u00a0\u00bb background_repeat=\u00a0\u00bbrepeat\u00a0\u00bb width=\u00a0\u00bb100%\u00a0\u00bb custom_padding=\u00a0\u00bb0px||0px||false|false\u00a0\u00bb global_colors_info=\u00a0\u00bb{}\u00a0\u00bb][et_pb_column type=\u00a0\u00bb4_4&Prime; _builder_version=\u00a0\u00bb4.16&Prime; custom_padding=\u00a0\u00bb|||\u00a0\u00bb global_colors_info=\u00a0\u00bb{}\u00a0\u00bb custom_padding__hover=\u00a0\u00bb|||\u00a0\u00bb][et_pb_wc_breadcrumb _builder_version=\u00a0\u00bb4.16&Prime; global_colors_info=\u00a0\u00bb{}\u00a0\u00bb][\/et_pb_wc_breadcrumb][et_pb_wc_cart_notice _builder_version=\u00a0\u00bb4.19.4&Prime; title_text_color=\u00a0\u00bb#423E3D\u00a0\u00bb title_font_size=\u00a0\u00bb14px\u00a0\u00bb background_color=\u00a0\u00bb#F3EEE7&Prime; custom_button=\u00a0\u00bbon\u00a0\u00bb button_text_size=\u00a0\u00bb14px\u00a0\u00bb button_text_color=\u00a0\u00bb#423E3D\u00a0\u00bb button_bg_color=\u00a0\u00bbRGBA(255,255,255,0)\u00a0\u00bb button_border_width=\u00a0\u00bb1px\u00a0\u00bb button_border_color=\u00a0\u00bb#423E3D\u00a0\u00bb button_border_radius=\u00a0\u00bb0px\u00a0\u00bb button_letter_spacing=\u00a0\u00bb1.5px\u00a0\u00bb button_use_icon=\u00a0\u00bboff\u00a0\u00bb button_custom_padding=\u00a0\u00bb0px|0px|0px|0px|false|false\u00a0\u00bb custom_padding=\u00a0\u00bb10px|16px|10px|16px|false|false\u00a0\u00bb global_colors_info=\u00a0\u00bb{}\u00a0\u00bb][\/et_pb_wc_cart_notice][\/et_pb_column][\/et_pb_row][et_pb_row column_structure=\u00a0\u00bb1_2,1_2&Prime; use_custom_gutter=\u00a0\u00bbon\u00a0\u00bb gutter_width=\u00a0\u00bb2&Prime; _builder_version=\u00a0\u00bb4.21.0&Prime; background_size=\u00a0\u00bbinitial\u00a0\u00bb background_position=\u00a0\u00bbtop_left\u00a0\u00bb background_repeat=\u00a0\u00bbrepeat\u00a0\u00bb width=\u00a0\u00bb100%\u00a0\u00bb custom_margin=\u00a0\u00bb||60px||false|false\u00a0\u00bb custom_margin_tablet=\u00a0\u00bb||0px||false|false\u00a0\u00bb custom_margin_phone=\u00a0\u00bb||0px||false|false\u00a0\u00bb custom_margin_last_edited=\u00a0\u00bbon|tablet\u00a0\u00bb custom_padding=\u00a0\u00bb0px||20px||false|false\u00a0\u00bb global_colors_info=\u00a0\u00bb{}\u00a0\u00bb][et_pb_column type=\u00a0\u00bb1_2&Prime; _builder_version=\u00a0\u00bb4.16&Prime; custom_padding=\u00a0\u00bb|||\u00a0\u00bb global_colors_info=\u00a0\u00bb{}\u00a0\u00bb custom_padding__hover=\u00a0\u00bb|||\u00a0\u00bb][et_pb_text _builder_version=\u00a0\u00bb4.27.6&Prime; _module_preset=\u00a0\u00bbdefault\u00a0\u00bb background_image=\u00a0\u00bbhttps:\/\/chateausteagnes.com\/wp-content\/uploads\/DSC8641-1-scaled.jpg\u00a0\u00bb height=\u00a0\u00bb850px\u00a0\u00bb height_tablet=\u00a0\u00bb500px\u00a0\u00bb height_phone=\u00a0\u00bb200px\u00a0\u00bb height_last_edited=\u00a0\u00bbon|phone\u00a0\u00bb hover_enabled=\u00a0\u00bb0&Prime; background_last_edited=\u00a0\u00bbon|phone\u00a0\u00bb background_image_phone=\u00a0\u00bbhttps:\/\/chateausteagnes.com\/wp-content\/uploads\/Social-Luxe-Picnic-4-scaled.jpg\u00a0\u00bb background_enable_image_phone=\u00a0\u00bbon\u00a0\u00bb background_position_phone=\u00a0\u00bbcenter\u00a0\u00bb locked=\u00a0\u00bboff\u00a0\u00bb global_colors_info=\u00a0\u00bb{}\u00a0\u00bb content_last_edited=\u00a0\u00bbon|desktop\u00a0\u00bb sticky_enabled=\u00a0\u00bb0&Prime; title_text=\u00a0\u00bbSocial Luxe Picnic 4&Prime; content_tablet=\u00a0\u00bb\u00a0\u00bb content_phone=\u00a0\u00bb\u00a0\u00bb][\/et_pb_text][\/et_pb_column][et_pb_column type=\u00a0\u00bb1_2&Prime; _builder_version=\u00a0\u00bb4.16&Prime; custom_padding=\u00a0\u00bb|||\u00a0\u00bb global_colors_info=\u00a0\u00bb{}\u00a0\u00bb custom_padding__hover=\u00a0\u00bb|||\u00a0\u00bb][et_pb_wc_title _builder_version=\u00a0\u00bb4.16&Prime; global_colors_info=\u00a0\u00bb{}\u00a0\u00bb][\/et_pb_wc_title][et_pb_wc_price _builder_version=\u00a0\u00bb4.19.4&Prime; body_font_size=\u00a0\u00bb40px\u00a0\u00bb body_letter_spacing=\u00a0\u00bb2px\u00a0\u00bb body_line_height=\u00a0\u00bb2em\u00a0\u00bb global_colors_info=\u00a0\u00bb{}\u00a0\u00bb][\/et_pb_wc_price][et_pb_wc_description _builder_version=\u00a0\u00bb4.16&Prime; custom_margin=\u00a0\u00bb|130px|||false|false\u00a0\u00bb custom_margin_tablet=\u00a0\u00bb|0px|||false|false\u00a0\u00bb custom_margin_phone=\u00a0\u00bb|0px|||false|false\u00a0\u00bb custom_margin_last_edited=\u00a0\u00bbon|tablet\u00a0\u00bb custom_padding=\u00a0\u00bb|0px|||false|false\u00a0\u00bb global_colors_info=\u00a0\u00bb{}\u00a0\u00bb][\/et_pb_wc_description][et_pb_toggle title=\u00a0\u00bbQu&rsquo;est-ce qui est inclus ?\u00a0\u00bb icon_color=\u00a0\u00bb#423E3D\u00a0\u00bb toggle_icon=\u00a0\u00bb&#x4c;||divi||400&Prime; open_toggle_icon=\u00a0\u00bb&#x4b;||divi||400&Prime; _builder_version=\u00a0\u00bb4.27.4&Prime; _module_preset=\u00a0\u00bbdefault\u00a0\u00bb background_color=\u00a0\u00bbRGBA(255,255,255,0)\u00a0\u00bb custom_margin=\u00a0\u00bb40px|130px|10px||false|false\u00a0\u00bb custom_margin_tablet=\u00a0\u00bb|0px||0px|false|false\u00a0\u00bb custom_margin_phone=\u00a0\u00bb|0px||0px|false|false\u00a0\u00bb custom_margin_last_edited=\u00a0\u00bbon|tablet\u00a0\u00bb custom_padding=\u00a0\u00bb0px|0px|4px|0px|false|false\u00a0\u00bb custom_padding_tablet=\u00a0\u00bb0px||4px||false|false\u00a0\u00bb custom_padding_phone=\u00a0\u00bb0px||4px||false|false\u00a0\u00bb custom_padding_last_edited=\u00a0\u00bbon|tablet\u00a0\u00bb border_width_all=\u00a0\u00bb0px\u00a0\u00bb border_color_all=\u00a0\u00bbRGBA(255,255,255,0)\u00a0\u00bb border_width_bottom=\u00a0\u00bb1px\u00a0\u00bb border_color_bottom=\u00a0\u00bb#423E3D\u00a0\u00bb locked=\u00a0\u00bboff\u00a0\u00bb global_colors_info=\u00a0\u00bb{}\u00a0\u00bb]<\/p>\n<p>+ Acc\u00e8s aux espaces ext\u00e9rieurs du vignoble<br \/>+ Service complet de mise en place et de ramassage<br \/>+ Table basse<br \/>+ Arrangements floral<br \/>+ Nappe de pique-nique<br \/>+ Coussins assortis<br \/>+ Couvert pour chaque invit\u00e9 (vaisselle, ustensiles, verres, serviettes de table)<\/p>\n<p>[\/et_pb_toggle][et_pb_wc_add_to_cart _builder_version=\u00a0\u00bb4.19.4&Prime; _module_preset=\u00a0\u00bbdefault\u00a0\u00bb width_tablet=\u00a0\u00bb100%\u00a0\u00bb width_phone=\u00a0\u00bb100%\u00a0\u00bb width_last_edited=\u00a0\u00bbon|desktop\u00a0\u00bb global_colors_info=\u00a0\u00bb{}\u00a0\u00bb][\/et_pb_wc_add_to_cart][et_pb_wc_upsells _builder_version=\u00a0\u00bb4.16&Prime; global_colors_info=\u00a0\u00bb{}\u00a0\u00bb][\/et_pb_wc_upsells][\/et_pb_column][\/et_pb_row][\/et_pb_section]<\/p>\n","protected":false},"excerpt":{"rendered":"<p>Vous souhaitez ajouter une touche d\u2019originalit\u00e9 (et un cadre enchanteur digne d\u2019Instagram) \u00e0 votre prochain anniversaire, enterrement de vie de jeune fille, shower ou tout simplement pour passer un bon moment entre amis? Optez pour notre pique-nique convivial de luxe pour quatre personnes et plus (jusqu\u2019\u00e0 40 convives). Il s\u2019agit de notre formule pique-nique la plus \u00e9labor\u00e9e et la plus fastueuse, parfaite pour vos \u00e9v\u00e9nements sociaux, en famille ou entre amis, et ce, sans aucun souci. Commencez d\u00e8s maintenant \u00e0 planifier votre pique-nique de r\u00eave!<\/p>\n<p>Nos pique-niques exclusifs ont \u00e9t\u00e9 soigneusement con\u00e7us et agr\u00e9ment\u00e9s de couvertures artisanales et de c\u00e9ramiques issues de notre belle r\u00e9gion. D\u00e8s votre arriv\u00e9e, un membre de notre \u00e9quipe vous accompagnera, vous et vos invit\u00e9s, vers le lieu de votre pique-nique, dans un endroit choisi sp\u00e9cialement pour vous, au c\u0153ur de notre vignoble.<\/p>\n<div style=\"background: #F3EEE7; padding: 10px; font-size: 13px; line-height: 20px; font-weight: 400; margin-top: 20px; color: #786b62;\"><em><strong>Veuillez noter que<\/strong> nous devrons r\u00e9viser votre r\u00e9servation avant de proc\u00e9der \u00e0 une confirmation. Si nous ne pouvons pas vous accueillir \u00e0 la date choisie, un remboursement complet vous sera \u00e9mis. Les r\u00e9servations en ligne sont accept\u00e9es jusqu&rsquo;\u00e0 48 heures avant la date pr\u00e9vue.<\/em><\/div>\n","protected":false},"featured_media":19322,"template":"","meta":{"_et_pb_use_builder":"on","_et_pb_old_content":"","_et_gb_content_width":""},"product_brand":[],"product_cat":[35],"product_tag":[],"class_list":{"0":"post-798","1":"product","2":"type-product","3":"status-publish","4":"has-post-thumbnail","6":"product_cat-experiences-fr","8":"first","9":"instock","10":"virtual","11":"sold-individually","12":"taxable","13":"purchasable","14":"product-type-booking"},"yoast_head":"<!-- This site is optimized with the Yoast SEO plugin v27.4 - https:\/\/yoast.com\/product\/yoast-seo-wordpress\/ -->\n<title>Pique-nique convivial de luxe \u00e0 partir de 4 personnes &#8212; Ch\u00e2teau Ste-Agn\u00e8s<\/title>\n<meta name=\"description\" content=\"Vous souhaitez ajouter une touche d\u2019originalit\u00e9 (et un cadre enchanteur digne d\u2019Instagram) \u00e0 votre prochain anniversaire, enterrement de vie de jeune fille, shower ou tout simplement pour passer un bon moment entre amis?\" \/>\n<meta name=\"robots\" content=\"index, follow, max-snippet:-1, max-image-preview:large, max-video-preview:-1\" \/>\n<link rel=\"canonical\" href=\"https:\/\/chateausteagnes.com\/fr\/boutique\/experiences-fr\/social-luxe-picnic-minimum-quatre\/\" \/>\n<meta property=\"og:locale\" content=\"fr_FR\" \/>\n<meta property=\"og:type\" content=\"article\" \/>\n<meta property=\"og:title\" content=\"Pique-nique convivial de luxe \u00e0 partir de 4 personnes &#8212; Ch\u00e2teau Ste-Agn\u00e8s\" \/>\n<meta property=\"og:description\" content=\"Vous souhaitez ajouter une touche d\u2019originalit\u00e9 (et un cadre enchanteur digne d\u2019Instagram) \u00e0 votre prochain anniversaire, enterrement de vie de jeune fille, shower ou tout simplement pour passer un bon moment entre amis?\" \/>\n<meta property=\"og:url\" content=\"https:\/\/chateausteagnes.com\/fr\/boutique\/experiences-fr\/social-luxe-picnic-minimum-quatre\/\" \/>\n<meta property=\"og:site_name\" content=\"Ch\u00e2teau Ste-Agn\u00e8s\" \/>\n<meta property=\"article:modified_time\" content=\"2026-03-18T15:42:57+00:00\" \/>\n<meta property=\"og:image\" content=\"https:\/\/chateausteagnes.com\/wp-content\/uploads\/DSC8641-1-scaled.jpg\" \/>\n\t<meta property=\"og:image:width\" content=\"1707\" \/>\n\t<meta property=\"og:image:height\" content=\"2560\" \/>\n\t<meta property=\"og:image:type\" content=\"image\/jpeg\" \/>\n<meta name=\"twitter:card\" content=\"summary_large_image\" \/>\n<meta name=\"twitter:label1\" content=\"Dur\u00e9e de lecture estim\u00e9e\" \/>\n\t<meta name=\"twitter:data1\" content=\"3 minutes\" \/>\n<script type=\"application\/ld+json\" class=\"yoast-schema-graph\">{\"@context\":\"https:\\\/\\\/schema.org\",\"@graph\":[{\"@type\":\"WebPage\",\"@id\":\"https:\\\/\\\/chateausteagnes.com\\\/fr\\\/boutique\\\/experiences-fr\\\/social-luxe-picnic-minimum-quatre\\\/\",\"url\":\"https:\\\/\\\/chateausteagnes.com\\\/fr\\\/boutique\\\/experiences-fr\\\/social-luxe-picnic-minimum-quatre\\\/\",\"name\":\"Pique-nique convivial de luxe \u00e0 partir de 4 personnes &#8212; Ch\u00e2teau Ste-Agn\u00e8s\",\"isPartOf\":{\"@id\":\"https:\\\/\\\/chateausteagnes.com\\\/fr\\\/#website\"},\"primaryImageOfPage\":{\"@id\":\"https:\\\/\\\/chateausteagnes.com\\\/fr\\\/boutique\\\/experiences-fr\\\/social-luxe-picnic-minimum-quatre\\\/#primaryimage\"},\"image\":{\"@id\":\"https:\\\/\\\/chateausteagnes.com\\\/fr\\\/boutique\\\/experiences-fr\\\/social-luxe-picnic-minimum-quatre\\\/#primaryimage\"},\"thumbnailUrl\":\"https:\\\/\\\/chateausteagnes.com\\\/wp-content\\\/uploads\\\/DSC8641-1-scaled.jpg\",\"datePublished\":\"2023-02-25T03:22:07+00:00\",\"dateModified\":\"2026-03-18T15:42:57+00:00\",\"description\":\"Vous souhaitez ajouter une touche d\u2019originalit\u00e9 (et un cadre enchanteur digne d\u2019Instagram) \u00e0 votre prochain anniversaire, enterrement de vie de jeune fille, shower ou tout simplement pour passer un bon moment entre amis?\",\"breadcrumb\":{\"@id\":\"https:\\\/\\\/chateausteagnes.com\\\/fr\\\/boutique\\\/experiences-fr\\\/social-luxe-picnic-minimum-quatre\\\/#breadcrumb\"},\"inLanguage\":\"fr-FR\",\"potentialAction\":[{\"@type\":\"ReadAction\",\"target\":[\"https:\\\/\\\/chateausteagnes.com\\\/fr\\\/boutique\\\/experiences-fr\\\/social-luxe-picnic-minimum-quatre\\\/\"]}]},{\"@type\":\"ImageObject\",\"inLanguage\":\"fr-FR\",\"@id\":\"https:\\\/\\\/chateausteagnes.com\\\/fr\\\/boutique\\\/experiences-fr\\\/social-luxe-picnic-minimum-quatre\\\/#primaryimage\",\"url\":\"https:\\\/\\\/chateausteagnes.com\\\/wp-content\\\/uploads\\\/DSC8641-1-scaled.jpg\",\"contentUrl\":\"https:\\\/\\\/chateausteagnes.com\\\/wp-content\\\/uploads\\\/DSC8641-1-scaled.jpg\",\"width\":1707,\"height\":2560,\"caption\":\"Pique-nique convivial de luxe\"},{\"@type\":\"BreadcrumbList\",\"@id\":\"https:\\\/\\\/chateausteagnes.com\\\/fr\\\/boutique\\\/experiences-fr\\\/social-luxe-picnic-minimum-quatre\\\/#breadcrumb\",\"itemListElement\":[{\"@type\":\"ListItem\",\"position\":1,\"name\":\"Home\",\"item\":\"https:\\\/\\\/chateausteagnes.com\\\/fr\\\/\"},{\"@type\":\"ListItem\",\"position\":2,\"name\":\"Boutique\",\"item\":\"https:\\\/\\\/chateausteagnes.com\\\/fr\\\/boutique\\\/\"},{\"@type\":\"ListItem\",\"position\":3,\"name\":\"Pique-nique convivial de luxe \u00e0 partir de 4 personnes\"}]},{\"@type\":\"WebSite\",\"@id\":\"https:\\\/\\\/chateausteagnes.com\\\/fr\\\/#website\",\"url\":\"https:\\\/\\\/chateausteagnes.com\\\/fr\\\/\",\"name\":\"Ch\u00e2teau Ste-Agn\u00e8s\",\"description\":\"\",\"publisher\":{\"@id\":\"https:\\\/\\\/chateausteagnes.com\\\/fr\\\/#organization\"},\"potentialAction\":[{\"@type\":\"SearchAction\",\"target\":{\"@type\":\"EntryPoint\",\"urlTemplate\":\"https:\\\/\\\/chateausteagnes.com\\\/fr\\\/?s={search_term_string}\"},\"query-input\":{\"@type\":\"PropertyValueSpecification\",\"valueRequired\":true,\"valueName\":\"search_term_string\"}}],\"inLanguage\":\"fr-FR\"},{\"@type\":\"Organization\",\"@id\":\"https:\\\/\\\/chateausteagnes.com\\\/fr\\\/#organization\",\"name\":\"Ch\u00e2teau Ste-Agn\u00e8s\",\"url\":\"https:\\\/\\\/chateausteagnes.com\\\/fr\\\/\",\"logo\":{\"@type\":\"ImageObject\",\"inLanguage\":\"fr-FR\",\"@id\":\"https:\\\/\\\/chateausteagnes.com\\\/fr\\\/#\\\/schema\\\/logo\\\/image\\\/\",\"url\":\"https:\\\/\\\/www.chateausteagnes.com\\\/wp-content\\\/uploads\\\/2023\\\/01\\\/newlogo-nosymbol.png\",\"contentUrl\":\"https:\\\/\\\/www.chateausteagnes.com\\\/wp-content\\\/uploads\\\/2023\\\/01\\\/newlogo-nosymbol.png\",\"width\":590,\"height\":133,\"caption\":\"Ch\u00e2teau Ste-Agn\u00e8s\"},\"image\":{\"@id\":\"https:\\\/\\\/chateausteagnes.com\\\/fr\\\/#\\\/schema\\\/logo\\\/image\\\/\"}}]}<\/script>\n<!-- \/ Yoast SEO plugin. -->","yoast_head_json":{"title":"Pique-nique convivial de luxe \u00e0 partir de 4 personnes &#8212; Ch\u00e2teau Ste-Agn\u00e8s","description":"Vous souhaitez ajouter une touche d\u2019originalit\u00e9 (et un cadre enchanteur digne d\u2019Instagram) \u00e0 votre prochain anniversaire, enterrement de vie de jeune fille, shower ou tout simplement pour passer un bon moment entre amis?","robots":{"index":"index","follow":"follow","max-snippet":"max-snippet:-1","max-image-preview":"max-image-preview:large","max-video-preview":"max-video-preview:-1"},"canonical":"https:\/\/chateausteagnes.com\/fr\/boutique\/experiences-fr\/social-luxe-picnic-minimum-quatre\/","og_locale":"fr_FR","og_type":"article","og_title":"Pique-nique convivial de luxe \u00e0 partir de 4 personnes &#8212; Ch\u00e2teau Ste-Agn\u00e8s","og_description":"Vous souhaitez ajouter une touche d\u2019originalit\u00e9 (et un cadre enchanteur digne d\u2019Instagram) \u00e0 votre prochain anniversaire, enterrement de vie de jeune fille, shower ou tout simplement pour passer un bon moment entre amis?","og_url":"https:\/\/chateausteagnes.com\/fr\/boutique\/experiences-fr\/social-luxe-picnic-minimum-quatre\/","og_site_name":"Ch\u00e2teau Ste-Agn\u00e8s","article_modified_time":"2026-03-18T15:42:57+00:00","og_image":[{"width":1707,"height":2560,"url":"https:\/\/chateausteagnes.com\/wp-content\/uploads\/DSC8641-1-scaled.jpg","type":"image\/jpeg"}],"twitter_card":"summary_large_image","twitter_misc":{"Dur\u00e9e de lecture estim\u00e9e":"3 minutes"},"schema":{"@context":"https:\/\/schema.org","@graph":[{"@type":"WebPage","@id":"https:\/\/chateausteagnes.com\/fr\/boutique\/experiences-fr\/social-luxe-picnic-minimum-quatre\/","url":"https:\/\/chateausteagnes.com\/fr\/boutique\/experiences-fr\/social-luxe-picnic-minimum-quatre\/","name":"Pique-nique convivial de luxe \u00e0 partir de 4 personnes &#8212; Ch\u00e2teau Ste-Agn\u00e8s","isPartOf":{"@id":"https:\/\/chateausteagnes.com\/fr\/#website"},"primaryImageOfPage":{"@id":"https:\/\/chateausteagnes.com\/fr\/boutique\/experiences-fr\/social-luxe-picnic-minimum-quatre\/#primaryimage"},"image":{"@id":"https:\/\/chateausteagnes.com\/fr\/boutique\/experiences-fr\/social-luxe-picnic-minimum-quatre\/#primaryimage"},"thumbnailUrl":"https:\/\/chateausteagnes.com\/wp-content\/uploads\/DSC8641-1-scaled.jpg","datePublished":"2023-02-25T03:22:07+00:00","dateModified":"2026-03-18T15:42:57+00:00","description":"Vous souhaitez ajouter une touche d\u2019originalit\u00e9 (et un cadre enchanteur digne d\u2019Instagram) \u00e0 votre prochain anniversaire, enterrement de vie de jeune fille, shower ou tout simplement pour passer un bon moment entre amis?","breadcrumb":{"@id":"https:\/\/chateausteagnes.com\/fr\/boutique\/experiences-fr\/social-luxe-picnic-minimum-quatre\/#breadcrumb"},"inLanguage":"fr-FR","potentialAction":[{"@type":"ReadAction","target":["https:\/\/chateausteagnes.com\/fr\/boutique\/experiences-fr\/social-luxe-picnic-minimum-quatre\/"]}]},{"@type":"ImageObject","inLanguage":"fr-FR","@id":"https:\/\/chateausteagnes.com\/fr\/boutique\/experiences-fr\/social-luxe-picnic-minimum-quatre\/#primaryimage","url":"https:\/\/chateausteagnes.com\/wp-content\/uploads\/DSC8641-1-scaled.jpg","contentUrl":"https:\/\/chateausteagnes.com\/wp-content\/uploads\/DSC8641-1-scaled.jpg","width":1707,"height":2560,"caption":"Pique-nique convivial de luxe"},{"@type":"BreadcrumbList","@id":"https:\/\/chateausteagnes.com\/fr\/boutique\/experiences-fr\/social-luxe-picnic-minimum-quatre\/#breadcrumb","itemListElement":[{"@type":"ListItem","position":1,"name":"Home","item":"https:\/\/chateausteagnes.com\/fr\/"},{"@type":"ListItem","position":2,"name":"Boutique","item":"https:\/\/chateausteagnes.com\/fr\/boutique\/"},{"@type":"ListItem","position":3,"name":"Pique-nique convivial de luxe \u00e0 partir de 4 personnes"}]},{"@type":"WebSite","@id":"https:\/\/chateausteagnes.com\/fr\/#website","url":"https:\/\/chateausteagnes.com\/fr\/","name":"Ch\u00e2teau Ste-Agn\u00e8s","description":"","publisher":{"@id":"https:\/\/chateausteagnes.com\/fr\/#organization"},"potentialAction":[{"@type":"SearchAction","target":{"@type":"EntryPoint","urlTemplate":"https:\/\/chateausteagnes.com\/fr\/?s={search_term_string}"},"query-input":{"@type":"PropertyValueSpecification","valueRequired":true,"valueName":"search_term_string"}}],"inLanguage":"fr-FR"},{"@type":"Organization","@id":"https:\/\/chateausteagnes.com\/fr\/#organization","name":"Ch\u00e2teau Ste-Agn\u00e8s","url":"https:\/\/chateausteagnes.com\/fr\/","logo":{"@type":"ImageObject","inLanguage":"fr-FR","@id":"https:\/\/chateausteagnes.com\/fr\/#\/schema\/logo\/image\/","url":"https:\/\/www.chateausteagnes.com\/wp-content\/uploads\/2023\/01\/newlogo-nosymbol.png","contentUrl":"https:\/\/www.chateausteagnes.com\/wp-content\/uploads\/2023\/01\/newlogo-nosymbol.png","width":590,"height":133,"caption":"Ch\u00e2teau Ste-Agn\u00e8s"},"image":{"@id":"https:\/\/chateausteagnes.com\/fr\/#\/schema\/logo\/image\/"}}]}},"jetpack_sharing_enabled":true,"_links":{"self":[{"href":"https:\/\/chateausteagnes.com\/fr\/wp-json\/wp\/v2\/product\/798","targetHints":{"allow":["GET"]}}],"collection":[{"href":"https:\/\/chateausteagnes.com\/fr\/wp-json\/wp\/v2\/product"}],"about":[{"href":"https:\/\/chateausteagnes.com\/fr\/wp-json\/wp\/v2\/types\/product"}],"wp:featuredmedia":[{"embeddable":true,"href":"https:\/\/chateausteagnes.com\/fr\/wp-json\/wp\/v2\/media\/19322"}],"wp:attachment":[{"href":"https:\/\/chateausteagnes.com\/fr\/wp-json\/wp\/v2\/media?parent=798"}],"wp:term":[{"taxonomy":"product_brand","embeddable":true,"href":"https:\/\/chateausteagnes.com\/fr\/wp-json\/wp\/v2\/product_brand?post=798"},{"taxonomy":"product_cat","embeddable":true,"href":"https:\/\/chateausteagnes.com\/fr\/wp-json\/wp\/v2\/product_cat?post=798"},{"taxonomy":"product_tag","embeddable":true,"href":"https:\/\/chateausteagnes.com\/fr\/wp-json\/wp\/v2\/product_tag?post=798"}],"curies":[{"name":"wp","href":"https:\/\/api.w.org\/{rel}","templated":true}]}}