{"id":29054,"date":"2025-11-17T10:43:03","date_gmt":"2025-11-17T14:43:03","guid":{"rendered":"https:\/\/chateausteagnes.com\/?post_type=product&#038;p=29054"},"modified":"2025-11-18T14:36:23","modified_gmt":"2025-11-18T18:36:23","slug":"escapade-hivernale-vin-et-raclette","status":"publish","type":"product","link":"https:\/\/chateausteagnes.com\/fr\/boutique\/experiences-fr\/escapade-hivernale-vin-et-raclette\/","title":{"rendered":"Escapade Hivernale Vin &#038; Raclette"},"content":{"rendered":"<p>[et_pb_section fb_built=\u00a0\u00bb1&Prime; custom_padding_last_edited=\u00a0\u00bbon|tablet\u00a0\u00bb _builder_version=\u00a0\u00bb4.20.2&Prime; background_color=\u00a0\u00bbRGBA(255,255,255,0)\u00a0\u00bb width=\u00a0\u00bb100%\u00a0\u00bb max_width=\u00a0\u00bb1900px\u00a0\u00bb custom_margin=\u00a0\u00bb||0px||false|false\u00a0\u00bb custom_padding=\u00a0\u00bb0px||||false|false\u00a0\u00bb custom_padding_tablet=\u00a0\u00bb0px||0px||false|false\u00a0\u00bb custom_padding_phone=\u00a0\u00bb0px||||false|false\u00a0\u00bb global_colors_info=\u00a0\u00bb{}\u00a0\u00bb][et_pb_row _builder_version=\u00a0\u00bb4.16&Prime; background_size=\u00a0\u00bbinitial\u00a0\u00bb background_position=\u00a0\u00bbtop_left\u00a0\u00bb background_repeat=\u00a0\u00bbrepeat\u00a0\u00bb width=\u00a0\u00bb100%\u00a0\u00bb custom_padding=\u00a0\u00bb0px||0px||false|false\u00a0\u00bb global_colors_info=\u00a0\u00bb{}\u00a0\u00bb][et_pb_column type=\u00a0\u00bb4_4&Prime; _builder_version=\u00a0\u00bb4.16&Prime; custom_padding=\u00a0\u00bb|||\u00a0\u00bb global_colors_info=\u00a0\u00bb{}\u00a0\u00bb custom_padding__hover=\u00a0\u00bb|||\u00a0\u00bb][et_pb_wc_breadcrumb _builder_version=\u00a0\u00bb4.16&Prime; global_colors_info=\u00a0\u00bb{}\u00a0\u00bb][\/et_pb_wc_breadcrumb][et_pb_wc_cart_notice _builder_version=\u00a0\u00bb4.19.4&Prime; title_text_color=\u00a0\u00bb#423E3D\u00a0\u00bb title_font_size=\u00a0\u00bb14px\u00a0\u00bb background_color=\u00a0\u00bb#F3EEE7&Prime; custom_button=\u00a0\u00bbon\u00a0\u00bb button_text_size=\u00a0\u00bb14px\u00a0\u00bb button_text_color=\u00a0\u00bb#423E3D\u00a0\u00bb button_bg_color=\u00a0\u00bbRGBA(255,255,255,0)\u00a0\u00bb button_border_width=\u00a0\u00bb1px\u00a0\u00bb button_border_color=\u00a0\u00bb#423E3D\u00a0\u00bb button_border_radius=\u00a0\u00bb0px\u00a0\u00bb button_letter_spacing=\u00a0\u00bb1.5px\u00a0\u00bb button_use_icon=\u00a0\u00bboff\u00a0\u00bb button_custom_padding=\u00a0\u00bb0px|0px|0px|0px|false|false\u00a0\u00bb custom_padding=\u00a0\u00bb10px|16px|10px|16px|false|false\u00a0\u00bb global_colors_info=\u00a0\u00bb{}\u00a0\u00bb][\/et_pb_wc_cart_notice][\/et_pb_column][\/et_pb_row][et_pb_row column_structure=\u00a0\u00bb1_2,1_2&Prime; use_custom_gutter=\u00a0\u00bbon\u00a0\u00bb gutter_width=\u00a0\u00bb2&Prime; _builder_version=\u00a0\u00bb4.21.0&Prime; background_size=\u00a0\u00bbinitial\u00a0\u00bb background_position=\u00a0\u00bbtop_left\u00a0\u00bb background_repeat=\u00a0\u00bbrepeat\u00a0\u00bb width=\u00a0\u00bb100%\u00a0\u00bb custom_margin=\u00a0\u00bb||60px||false|false\u00a0\u00bb custom_margin_tablet=\u00a0\u00bb||0px||false|false\u00a0\u00bb custom_margin_phone=\u00a0\u00bb||0px||false|false\u00a0\u00bb custom_margin_last_edited=\u00a0\u00bbon|tablet\u00a0\u00bb custom_padding=\u00a0\u00bb0px||20px||false|false\u00a0\u00bb global_colors_info=\u00a0\u00bb{}\u00a0\u00bb][et_pb_column type=\u00a0\u00bb1_2&Prime; _builder_version=\u00a0\u00bb4.16&Prime; custom_padding=\u00a0\u00bb|||\u00a0\u00bb global_colors_info=\u00a0\u00bb{}\u00a0\u00bb custom_padding__hover=\u00a0\u00bb|||\u00a0\u00bb][et_pb_text content_tablet=\u00a0\u00bb\u00a0\u00bb content_phone=\u00a0\u00bb\u00a0\u00bb content_last_edited=\u00a0\u00bbon|phone\u00a0\u00bb _builder_version=\u00a0\u00bb4.27.4&Prime; _module_preset=\u00a0\u00bbdefault\u00a0\u00bb background_image=\u00a0\u00bbhttps:\/\/chateausteagnes.com\/wp-content\/uploads\/DSC6762-scaled.jpg\u00a0\u00bb background_position=\u00a0\u00bbbottom_center\u00a0\u00bb height=\u00a0\u00bb850px\u00a0\u00bb height_tablet=\u00a0\u00bb500px\u00a0\u00bb height_phone=\u00a0\u00bb200px\u00a0\u00bb height_last_edited=\u00a0\u00bbon|phone\u00a0\u00bb background_last_edited=\u00a0\u00bbon|phone\u00a0\u00bb background_position_phone=\u00a0\u00bbcenter\u00a0\u00bb locked=\u00a0\u00bboff\u00a0\u00bb global_colors_info=\u00a0\u00bb{}\u00a0\u00bb][\/et_pb_text][\/et_pb_column][et_pb_column type=\u00a0\u00bb1_2&Prime; _builder_version=\u00a0\u00bb4.16&Prime; custom_padding=\u00a0\u00bb|||\u00a0\u00bb global_colors_info=\u00a0\u00bb{}\u00a0\u00bb custom_padding__hover=\u00a0\u00bb|||\u00a0\u00bb][et_pb_wc_title _builder_version=\u00a0\u00bb4.27.4&Prime; global_colors_info=\u00a0\u00bb{}\u00a0\u00bb][\/et_pb_wc_title][et_pb_wc_price disabled_on=\u00a0\u00bboff|off|off\u00a0\u00bb _builder_version=\u00a0\u00bb4.23.2&Prime; body_font_size=\u00a0\u00bb40px\u00a0\u00bb body_letter_spacing=\u00a0\u00bb2px\u00a0\u00bb body_line_height=\u00a0\u00bb2em\u00a0\u00bb global_colors_info=\u00a0\u00bb{}\u00a0\u00bb][\/et_pb_wc_price][et_pb_code disabled_on=\u00a0\u00bbon|on|on\u00a0\u00bb _builder_version=\u00a0\u00bb4.23.2&Prime; _module_preset=\u00a0\u00bbdefault\u00a0\u00bb disabled=\u00a0\u00bbon\u00a0\u00bb locked=\u00a0\u00bboff\u00a0\u00bb global_colors_info=\u00a0\u00bb{}\u00a0\u00bb]<span class=\"old-price\">30.00 $<\/span> <span class=\"sale-price\"> 15.00 $<\/pee><!-- [et_pb_line_break_holder] --><!-- [et_pb_line_break_holder] --><\/p>\n<style><!-- [et_pb_line_break_holder] -->.old-price {<!-- [et_pb_line_break_holder] -->  font-size: 28px!important;<!-- [et_pb_line_break_holder] -->  letter-spacing: 2px;<!-- [et_pb_line_break_holder] -->  line-height: 2em;<!-- [et_pb_line_break_holder] -->  text-decoration:line-through;<!-- [et_pb_line_break_holder] -->  font-weight:300;<!-- [et_pb_line_break_holder] -->  margin-right:15px;<!-- [et_pb_line_break_holder] -->  color:#9a9a9a;<!-- [et_pb_line_break_holder] -->}<!-- [et_pb_line_break_holder] -->.sale-price {<!-- [et_pb_line_break_holder] -->  font-size: 40px!important;<!-- [et_pb_line_break_holder] -->  letter-spacing: 2px;<!-- [et_pb_line_break_holder] -->  line-height: 2em;<!-- [et_pb_line_break_holder] -->  color:#423e3d;<!-- [et_pb_line_break_holder] -->  font-weight:300;<!-- [et_pb_line_break_holder] -->}<!-- [et_pb_line_break_holder] --><\/style>\n<p>[\/et_pb_code][et_pb_text disabled_on=\u00a0\u00bbon|on|on\u00a0\u00bb _builder_version=\u00a0\u00bb4.23.2&Prime; _module_preset=\u00a0\u00bbdefault\u00a0\u00bb background_color=\u00a0\u00bb#F3EEE7&Prime; custom_margin=\u00a0\u00bb|130px|||false|false\u00a0\u00bb custom_margin_tablet=\u00a0\u00bb|0px|20px||false|false\u00a0\u00bb custom_margin_phone=\u00a0\u00bb|0px|20px||false|false\u00a0\u00bb custom_margin_last_edited=\u00a0\u00bbon|tablet\u00a0\u00bb custom_padding=\u00a0\u00bb8px|14px|8px|14px|false|false\u00a0\u00bb disabled=\u00a0\u00bbon\u00a0\u00bb locked=\u00a0\u00bboff\u00a0\u00bb global_colors_info=\u00a0\u00bb{}\u00a0\u00bb]<\/p>\n<p><strong>SP\u00c9CIAL DES F\u00caTES :<\/strong> 15 $ de r\u00e9duction lors de la r\u00e9servation d&rsquo;une d\u00e9gustation pendant notre pop-up des f\u00eates !<\/p>\n<p>[\/et_pb_text][et_pb_wc_description _builder_version=\u00a0\u00bb4.20.2&Prime; custom_padding=\u00a0\u00bb|130px||||\u00a0\u00bb custom_padding_tablet=\u00a0\u00bb|0px|||false|false\u00a0\u00bb custom_padding_phone=\u00a0\u00bb|0px|||false|false\u00a0\u00bb custom_padding_last_edited=\u00a0\u00bbon|phone\u00a0\u00bb global_colors_info=\u00a0\u00bb{}\u00a0\u00bb][\/et_pb_wc_description][et_pb_toggle title=\u00a0\u00bbQu&rsquo;est-ce qui est inclus ?\u00a0\u00bb icon_color=\u00a0\u00bb#423E3D\u00a0\u00bb toggle_icon=\u00a0\u00bb&#x4c;||divi||400&Prime; open_toggle_icon=\u00a0\u00bb&#x4b;||divi||400&Prime; _builder_version=\u00a0\u00bb4.27.4&Prime; _module_preset=\u00a0\u00bbdefault\u00a0\u00bb background_color=\u00a0\u00bbRGBA(255,255,255,0)\u00a0\u00bb custom_margin=\u00a0\u00bb40px|130px|10px||false|false\u00a0\u00bb custom_margin_tablet=\u00a0\u00bb|0px||0px|false|false\u00a0\u00bb custom_margin_phone=\u00a0\u00bb|0px||0px|false|false\u00a0\u00bb custom_margin_last_edited=\u00a0\u00bbon|phone\u00a0\u00bb custom_padding=\u00a0\u00bb0px|0px|4px|0px|false|false\u00a0\u00bb custom_padding_tablet=\u00a0\u00bb0px||4px||false|false\u00a0\u00bb custom_padding_phone=\u00a0\u00bb0px||4px||false|false\u00a0\u00bb custom_padding_last_edited=\u00a0\u00bbon|tablet\u00a0\u00bb border_width_all=\u00a0\u00bb0px\u00a0\u00bb border_color_all=\u00a0\u00bbRGBA(255,255,255,0)\u00a0\u00bb border_width_bottom=\u00a0\u00bb1px\u00a0\u00bb border_color_bottom=\u00a0\u00bb#423E3D\u00a0\u00bb locked=\u00a0\u00bboff\u00a0\u00bb global_colors_info=\u00a0\u00bb{}\u00a0\u00bb]<\/p>\n<p>+ Acc\u00e8s aux espaces ext\u00e9rieurs du vignoble<br \/>+ D\u00e9gustation autonome de 4 vins au Ch\u00e2teau Ste-Agn\u00e8s<br \/>+ D\u00e9gustation autonome de 4 vins au Vignoble du Ruisseau<br \/>+ Raclette, charcuterie, marinades et plus au Vignoble du Ruisseau<\/p>\n<p>[\/et_pb_toggle][et_pb_text _builder_version=\u00a0\u00bb4.27.4&Prime; _module_preset=\u00a0\u00bbdefault\u00a0\u00bb custom_margin=\u00a0\u00bb0px||10px||false|false\u00a0\u00bb custom_padding=\u00a0\u00bb0px||||false|false\u00a0\u00bb locked=\u00a0\u00bboff\u00a0\u00bb global_colors_info=\u00a0\u00bb{}\u00a0\u00bb]<\/p>\n<h5>NOMBRE D&rsquo;INVIT\u00c9S:<\/h5>\n<p>[\/et_pb_text][et_pb_wc_add_to_cart _builder_version=\u00a0\u00bb4.20.2&Prime; _module_preset=\u00a0\u00bbdefault\u00a0\u00bb width_tablet=\u00a0\u00bb100%\u00a0\u00bb width_phone=\u00a0\u00bb100%\u00a0\u00bb width_last_edited=\u00a0\u00bbon|desktop\u00a0\u00bb global_colors_info=\u00a0\u00bb{}\u00a0\u00bb][\/et_pb_wc_add_to_cart][et_pb_wc_upsells orderby=\u00a0\u00bbmenu_order\u00a0\u00bb _builder_version=\u00a0\u00bb4.21.0&Prime; _module_preset=\u00a0\u00bbdefault\u00a0\u00bb global_colors_info=\u00a0\u00bb{}\u00a0\u00bb][\/et_pb_wc_upsells][\/et_pb_column][\/et_pb_row][\/et_pb_section]<\/p>\n","protected":false},"excerpt":{"rendered":"<div>Le Ch\u00e2teau Ste-Agn\u00e8s &amp; notre propri\u00e9t\u00e9 soeur, le Vignoble du Ruisseau, vous invitent \u00e0 vivre une exp\u00e9rience hivernale inoubliable autour du vin. D\u00e9gustez quatre de nos vins au Ch\u00e2teau Ste-Agn\u00e8s tout en profitant des vues imprenables et de l&rsquo;atmosph\u00e8re paisible de l&rsquo;hiver. Poursuivez ensuite votre journ\u00e9e au Vignoble du Ruisseau pour d\u00e9couvrir notre propri\u00e9t\u00e9 soeur avec une d\u00e9gustation de quatre vins, accompagn\u00e9e d&rsquo;une raclette chaude et de charcuterie, le parfait accord pour c\u00e9l\u00e9brer la p\u00e9riodes des f\u00eates.<\/div>\n<div><\/div>\n<div><strong>Votre Escapade<\/strong><br \/>\nCommencez au Ch\u00e2teau Ste-Agn\u00e8s \u2013 Savourez votre premi\u00e8re d\u00e9gustation et profitez du domaine ext\u00e9rieur. Pr\u00e9voyez environ 1 heure pour cette partie.<br \/>\nRoute Panoramique \u2013 Un trajet en voiture d&rsquo;environ 20 minutes relie les deux vignobles.<br \/>\nTerminez au Vignoble du Ruisseau \u2013 Appr\u00e9ciez votre seconde d\u00e9gustation de vin, accompagn\u00e9e d&rsquo;une raclette r\u00e9confortante et de charcuterie.<\/div>\n<div style=\"background: #F3EEE7; padding: 10px; font-size: 13px; line-height: 20px; font-weight: 400; margin-top: 20px; color: #786b62;\"><em><strong>Prenez note:<\/strong> Cette exp\u00e9rience se d\u00e9roule dans deux lieux diff\u00e9rents \u2013 Ch\u00e2teau Ste-Agn\u00e8s &amp; Le Vignoble du Ruisseau. Les visiteurs devront se d\u00e9placer entre les deux sites. La d\u00e9gustation autonome au Ch\u00e2teau Ste-Agn\u00e8s se d\u00e9roulera \u00e0 l&rsquo;ext\u00e9rieur, si la m\u00e9t\u00e9o le permet. Veuillez vous habiller chaudement.<\/em><\/div>\n","protected":false},"featured_media":28975,"template":"","meta":{"_et_pb_use_builder":"on","_et_pb_old_content":"","_et_gb_content_width":""},"product_brand":[],"product_cat":[35],"product_tag":[],"class_list":{"0":"post-29054","1":"product","2":"type-product","3":"status-publish","4":"has-post-thumbnail","6":"product_cat-experiences-fr","8":"first","9":"instock","10":"virtual","11":"sold-individually","12":"taxable","13":"purchasable","14":"product-type-booking"},"yoast_head":"<!-- This site is optimized with the Yoast SEO plugin v27.4 - https:\/\/yoast.com\/product\/yoast-seo-wordpress\/ -->\n<title>Escapade Hivernale Vin &amp; Raclette &#8212; Ch\u00e2teau Ste-Agn\u00e8s<\/title>\n<meta name=\"description\" content=\"Vivez une exp\u00e9rience hivernale avec des d\u00e9gustations de vin au Ch\u00e2teau Ste-Agn\u00e8s et au Vignoble du Ruisseau, pour finir autour d\u2019une d\u00e9licieuse raclette.\" \/>\n<meta name=\"robots\" content=\"index, follow, max-snippet:-1, max-image-preview:large, max-video-preview:-1\" \/>\n<link rel=\"canonical\" href=\"https:\/\/chateausteagnes.com\/fr\/boutique\/experiences-fr\/escapade-hivernale-vin-et-raclette\/\" \/>\n<meta property=\"og:locale\" content=\"fr_FR\" \/>\n<meta property=\"og:type\" content=\"article\" \/>\n<meta property=\"og:title\" content=\"Escapade Hivernale Vin &amp; Raclette &#8212; Ch\u00e2teau Ste-Agn\u00e8s\" \/>\n<meta property=\"og:description\" content=\"Vivez une exp\u00e9rience hivernale avec des d\u00e9gustations de vin au Ch\u00e2teau Ste-Agn\u00e8s et au Vignoble du Ruisseau, pour finir autour d\u2019une d\u00e9licieuse raclette.\" \/>\n<meta property=\"og:url\" content=\"https:\/\/chateausteagnes.com\/fr\/boutique\/experiences-fr\/escapade-hivernale-vin-et-raclette\/\" \/>\n<meta property=\"og:site_name\" content=\"Ch\u00e2teau Ste-Agn\u00e8s\" \/>\n<meta property=\"article:modified_time\" content=\"2025-11-18T18:36:23+00:00\" \/>\n<meta property=\"og:image\" content=\"https:\/\/chateausteagnes.com\/wp-content\/uploads\/DSC6762-scaled.jpg\" \/>\n\t<meta property=\"og:image:width\" content=\"1707\" \/>\n\t<meta property=\"og:image:height\" content=\"2560\" \/>\n\t<meta property=\"og:image:type\" content=\"image\/jpeg\" \/>\n<meta name=\"twitter:card\" content=\"summary_large_image\" \/>\n<meta name=\"twitter:label1\" content=\"Dur\u00e9e de lecture estim\u00e9e\" \/>\n\t<meta name=\"twitter:data1\" content=\"3 minutes\" \/>\n<script type=\"application\/ld+json\" class=\"yoast-schema-graph\">{\"@context\":\"https:\\\/\\\/schema.org\",\"@graph\":[{\"@type\":\"WebPage\",\"@id\":\"https:\\\/\\\/chateausteagnes.com\\\/fr\\\/boutique\\\/experiences-fr\\\/escapade-hivernale-vin-et-raclette\\\/\",\"url\":\"https:\\\/\\\/chateausteagnes.com\\\/fr\\\/boutique\\\/experiences-fr\\\/escapade-hivernale-vin-et-raclette\\\/\",\"name\":\"Escapade Hivernale Vin & Raclette &#8212; Ch\u00e2teau Ste-Agn\u00e8s\",\"isPartOf\":{\"@id\":\"https:\\\/\\\/chateausteagnes.com\\\/fr\\\/#website\"},\"primaryImageOfPage\":{\"@id\":\"https:\\\/\\\/chateausteagnes.com\\\/fr\\\/boutique\\\/experiences-fr\\\/escapade-hivernale-vin-et-raclette\\\/#primaryimage\"},\"image\":{\"@id\":\"https:\\\/\\\/chateausteagnes.com\\\/fr\\\/boutique\\\/experiences-fr\\\/escapade-hivernale-vin-et-raclette\\\/#primaryimage\"},\"thumbnailUrl\":\"https:\\\/\\\/chateausteagnes.com\\\/wp-content\\\/uploads\\\/DSC6762-scaled.jpg\",\"datePublished\":\"2025-11-17T14:43:03+00:00\",\"dateModified\":\"2025-11-18T18:36:23+00:00\",\"description\":\"Vivez une exp\u00e9rience hivernale avec des d\u00e9gustations de vin au Ch\u00e2teau Ste-Agn\u00e8s et au Vignoble du Ruisseau, pour finir autour d\u2019une d\u00e9licieuse raclette.\",\"breadcrumb\":{\"@id\":\"https:\\\/\\\/chateausteagnes.com\\\/fr\\\/boutique\\\/experiences-fr\\\/escapade-hivernale-vin-et-raclette\\\/#breadcrumb\"},\"inLanguage\":\"fr-FR\",\"potentialAction\":[{\"@type\":\"ReadAction\",\"target\":[\"https:\\\/\\\/chateausteagnes.com\\\/fr\\\/boutique\\\/experiences-fr\\\/escapade-hivernale-vin-et-raclette\\\/\"]}]},{\"@type\":\"ImageObject\",\"inLanguage\":\"fr-FR\",\"@id\":\"https:\\\/\\\/chateausteagnes.com\\\/fr\\\/boutique\\\/experiences-fr\\\/escapade-hivernale-vin-et-raclette\\\/#primaryimage\",\"url\":\"https:\\\/\\\/chateausteagnes.com\\\/wp-content\\\/uploads\\\/DSC6762-scaled.jpg\",\"contentUrl\":\"https:\\\/\\\/chateausteagnes.com\\\/wp-content\\\/uploads\\\/DSC6762-scaled.jpg\",\"width\":1707,\"height\":2560},{\"@type\":\"BreadcrumbList\",\"@id\":\"https:\\\/\\\/chateausteagnes.com\\\/fr\\\/boutique\\\/experiences-fr\\\/escapade-hivernale-vin-et-raclette\\\/#breadcrumb\",\"itemListElement\":[{\"@type\":\"ListItem\",\"position\":1,\"name\":\"Home\",\"item\":\"https:\\\/\\\/chateausteagnes.com\\\/fr\\\/\"},{\"@type\":\"ListItem\",\"position\":2,\"name\":\"Boutique\",\"item\":\"https:\\\/\\\/chateausteagnes.com\\\/fr\\\/boutique\\\/\"},{\"@type\":\"ListItem\",\"position\":3,\"name\":\"Escapade Hivernale Vin &#038; Raclette\"}]},{\"@type\":\"WebSite\",\"@id\":\"https:\\\/\\\/chateausteagnes.com\\\/fr\\\/#website\",\"url\":\"https:\\\/\\\/chateausteagnes.com\\\/fr\\\/\",\"name\":\"Ch\u00e2teau Ste-Agn\u00e8s\",\"description\":\"\",\"publisher\":{\"@id\":\"https:\\\/\\\/chateausteagnes.com\\\/fr\\\/#organization\"},\"potentialAction\":[{\"@type\":\"SearchAction\",\"target\":{\"@type\":\"EntryPoint\",\"urlTemplate\":\"https:\\\/\\\/chateausteagnes.com\\\/fr\\\/?s={search_term_string}\"},\"query-input\":{\"@type\":\"PropertyValueSpecification\",\"valueRequired\":true,\"valueName\":\"search_term_string\"}}],\"inLanguage\":\"fr-FR\"},{\"@type\":\"Organization\",\"@id\":\"https:\\\/\\\/chateausteagnes.com\\\/fr\\\/#organization\",\"name\":\"Ch\u00e2teau Ste-Agn\u00e8s\",\"url\":\"https:\\\/\\\/chateausteagnes.com\\\/fr\\\/\",\"logo\":{\"@type\":\"ImageObject\",\"inLanguage\":\"fr-FR\",\"@id\":\"https:\\\/\\\/chateausteagnes.com\\\/fr\\\/#\\\/schema\\\/logo\\\/image\\\/\",\"url\":\"https:\\\/\\\/www.chateausteagnes.com\\\/wp-content\\\/uploads\\\/2023\\\/01\\\/newlogo-nosymbol.png\",\"contentUrl\":\"https:\\\/\\\/www.chateausteagnes.com\\\/wp-content\\\/uploads\\\/2023\\\/01\\\/newlogo-nosymbol.png\",\"width\":590,\"height\":133,\"caption\":\"Ch\u00e2teau Ste-Agn\u00e8s\"},\"image\":{\"@id\":\"https:\\\/\\\/chateausteagnes.com\\\/fr\\\/#\\\/schema\\\/logo\\\/image\\\/\"}}]}<\/script>\n<!-- \/ Yoast SEO plugin. -->","yoast_head_json":{"title":"Escapade Hivernale Vin & Raclette &#8212; Ch\u00e2teau Ste-Agn\u00e8s","description":"Vivez une exp\u00e9rience hivernale avec des d\u00e9gustations de vin au Ch\u00e2teau Ste-Agn\u00e8s et au Vignoble du Ruisseau, pour finir autour d\u2019une d\u00e9licieuse raclette.","robots":{"index":"index","follow":"follow","max-snippet":"max-snippet:-1","max-image-preview":"max-image-preview:large","max-video-preview":"max-video-preview:-1"},"canonical":"https:\/\/chateausteagnes.com\/fr\/boutique\/experiences-fr\/escapade-hivernale-vin-et-raclette\/","og_locale":"fr_FR","og_type":"article","og_title":"Escapade Hivernale Vin & Raclette &#8212; Ch\u00e2teau Ste-Agn\u00e8s","og_description":"Vivez une exp\u00e9rience hivernale avec des d\u00e9gustations de vin au Ch\u00e2teau Ste-Agn\u00e8s et au Vignoble du Ruisseau, pour finir autour d\u2019une d\u00e9licieuse raclette.","og_url":"https:\/\/chateausteagnes.com\/fr\/boutique\/experiences-fr\/escapade-hivernale-vin-et-raclette\/","og_site_name":"Ch\u00e2teau Ste-Agn\u00e8s","article_modified_time":"2025-11-18T18:36:23+00:00","og_image":[{"width":1707,"height":2560,"url":"https:\/\/chateausteagnes.com\/wp-content\/uploads\/DSC6762-scaled.jpg","type":"image\/jpeg"}],"twitter_card":"summary_large_image","twitter_misc":{"Dur\u00e9e de lecture estim\u00e9e":"3 minutes"},"schema":{"@context":"https:\/\/schema.org","@graph":[{"@type":"WebPage","@id":"https:\/\/chateausteagnes.com\/fr\/boutique\/experiences-fr\/escapade-hivernale-vin-et-raclette\/","url":"https:\/\/chateausteagnes.com\/fr\/boutique\/experiences-fr\/escapade-hivernale-vin-et-raclette\/","name":"Escapade Hivernale Vin & Raclette &#8212; Ch\u00e2teau Ste-Agn\u00e8s","isPartOf":{"@id":"https:\/\/chateausteagnes.com\/fr\/#website"},"primaryImageOfPage":{"@id":"https:\/\/chateausteagnes.com\/fr\/boutique\/experiences-fr\/escapade-hivernale-vin-et-raclette\/#primaryimage"},"image":{"@id":"https:\/\/chateausteagnes.com\/fr\/boutique\/experiences-fr\/escapade-hivernale-vin-et-raclette\/#primaryimage"},"thumbnailUrl":"https:\/\/chateausteagnes.com\/wp-content\/uploads\/DSC6762-scaled.jpg","datePublished":"2025-11-17T14:43:03+00:00","dateModified":"2025-11-18T18:36:23+00:00","description":"Vivez une exp\u00e9rience hivernale avec des d\u00e9gustations de vin au Ch\u00e2teau Ste-Agn\u00e8s et au Vignoble du Ruisseau, pour finir autour d\u2019une d\u00e9licieuse raclette.","breadcrumb":{"@id":"https:\/\/chateausteagnes.com\/fr\/boutique\/experiences-fr\/escapade-hivernale-vin-et-raclette\/#breadcrumb"},"inLanguage":"fr-FR","potentialAction":[{"@type":"ReadAction","target":["https:\/\/chateausteagnes.com\/fr\/boutique\/experiences-fr\/escapade-hivernale-vin-et-raclette\/"]}]},{"@type":"ImageObject","inLanguage":"fr-FR","@id":"https:\/\/chateausteagnes.com\/fr\/boutique\/experiences-fr\/escapade-hivernale-vin-et-raclette\/#primaryimage","url":"https:\/\/chateausteagnes.com\/wp-content\/uploads\/DSC6762-scaled.jpg","contentUrl":"https:\/\/chateausteagnes.com\/wp-content\/uploads\/DSC6762-scaled.jpg","width":1707,"height":2560},{"@type":"BreadcrumbList","@id":"https:\/\/chateausteagnes.com\/fr\/boutique\/experiences-fr\/escapade-hivernale-vin-et-raclette\/#breadcrumb","itemListElement":[{"@type":"ListItem","position":1,"name":"Home","item":"https:\/\/chateausteagnes.com\/fr\/"},{"@type":"ListItem","position":2,"name":"Boutique","item":"https:\/\/chateausteagnes.com\/fr\/boutique\/"},{"@type":"ListItem","position":3,"name":"Escapade Hivernale Vin &#038; Raclette"}]},{"@type":"WebSite","@id":"https:\/\/chateausteagnes.com\/fr\/#website","url":"https:\/\/chateausteagnes.com\/fr\/","name":"Ch\u00e2teau Ste-Agn\u00e8s","description":"","publisher":{"@id":"https:\/\/chateausteagnes.com\/fr\/#organization"},"potentialAction":[{"@type":"SearchAction","target":{"@type":"EntryPoint","urlTemplate":"https:\/\/chateausteagnes.com\/fr\/?s={search_term_string}"},"query-input":{"@type":"PropertyValueSpecification","valueRequired":true,"valueName":"search_term_string"}}],"inLanguage":"fr-FR"},{"@type":"Organization","@id":"https:\/\/chateausteagnes.com\/fr\/#organization","name":"Ch\u00e2teau Ste-Agn\u00e8s","url":"https:\/\/chateausteagnes.com\/fr\/","logo":{"@type":"ImageObject","inLanguage":"fr-FR","@id":"https:\/\/chateausteagnes.com\/fr\/#\/schema\/logo\/image\/","url":"https:\/\/www.chateausteagnes.com\/wp-content\/uploads\/2023\/01\/newlogo-nosymbol.png","contentUrl":"https:\/\/www.chateausteagnes.com\/wp-content\/uploads\/2023\/01\/newlogo-nosymbol.png","width":590,"height":133,"caption":"Ch\u00e2teau Ste-Agn\u00e8s"},"image":{"@id":"https:\/\/chateausteagnes.com\/fr\/#\/schema\/logo\/image\/"}}]}},"jetpack_sharing_enabled":true,"_links":{"self":[{"href":"https:\/\/chateausteagnes.com\/fr\/wp-json\/wp\/v2\/product\/29054","targetHints":{"allow":["GET"]}}],"collection":[{"href":"https:\/\/chateausteagnes.com\/fr\/wp-json\/wp\/v2\/product"}],"about":[{"href":"https:\/\/chateausteagnes.com\/fr\/wp-json\/wp\/v2\/types\/product"}],"wp:featuredmedia":[{"embeddable":true,"href":"https:\/\/chateausteagnes.com\/fr\/wp-json\/wp\/v2\/media\/28975"}],"wp:attachment":[{"href":"https:\/\/chateausteagnes.com\/fr\/wp-json\/wp\/v2\/media?parent=29054"}],"wp:term":[{"taxonomy":"product_brand","embeddable":true,"href":"https:\/\/chateausteagnes.com\/fr\/wp-json\/wp\/v2\/product_brand?post=29054"},{"taxonomy":"product_cat","embeddable":true,"href":"https:\/\/chateausteagnes.com\/fr\/wp-json\/wp\/v2\/product_cat?post=29054"},{"taxonomy":"product_tag","embeddable":true,"href":"https:\/\/chateausteagnes.com\/fr\/wp-json\/wp\/v2\/product_tag?post=29054"}],"curies":[{"name":"wp","href":"https:\/\/api.w.org\/{rel}","templated":true}]}}