{"id":18736,"date":"2024-11-02T11:23:34","date_gmt":"2024-11-02T15:23:34","guid":{"rendered":"https:\/\/www.chateausteagnes.com\/?post_type=product&#038;p=18736"},"modified":"2025-11-21T12:55:30","modified_gmt":"2025-11-21T16:55:30","slug":"atelier-de-couronnes-saisonnieres","status":"publish","type":"product","link":"https:\/\/chateausteagnes.com\/fr\/boutique\/experiences-fr\/atelier-de-couronnes-saisonnieres\/","title":{"rendered":"Atelier de couronnes saisonni\u00e8res"},"content":{"rendered":"<p>[et_pb_section fb_built=\u00a0\u00bb1&Prime; _builder_version=\u00a0\u00bb4.19.4&Prime; background_color=\u00a0\u00bbRGBA(255,255,255,0)\u00a0\u00bb width=\u00a0\u00bb100%\u00a0\u00bb max_width=\u00a0\u00bb1900px\u00a0\u00bb custom_padding=\u00a0\u00bb0px||||false|false\u00a0\u00bb global_colors_info=\u00a0\u00bb{}\u00a0\u00bb][et_pb_row _builder_version=\u00a0\u00bb4.16&Prime; background_size=\u00a0\u00bbinitial\u00a0\u00bb background_position=\u00a0\u00bbtop_left\u00a0\u00bb background_repeat=\u00a0\u00bbrepeat\u00a0\u00bb width=\u00a0\u00bb100%\u00a0\u00bb custom_padding=\u00a0\u00bb0px||0px||false|false\u00a0\u00bb global_colors_info=\u00a0\u00bb{}\u00a0\u00bb][et_pb_column type=\u00a0\u00bb4_4&Prime; _builder_version=\u00a0\u00bb4.16&Prime; custom_padding=\u00a0\u00bb|||\u00a0\u00bb global_colors_info=\u00a0\u00bb{}\u00a0\u00bb custom_padding__hover=\u00a0\u00bb|||\u00a0\u00bb][et_pb_wc_breadcrumb _builder_version=\u00a0\u00bb4.16&Prime; global_colors_info=\u00a0\u00bb{}\u00a0\u00bb][\/et_pb_wc_breadcrumb][et_pb_wc_cart_notice _builder_version=\u00a0\u00bb4.19.4&Prime; title_text_color=\u00a0\u00bb#423E3D\u00a0\u00bb title_font_size=\u00a0\u00bb14px\u00a0\u00bb background_color=\u00a0\u00bb#F3EEE7&Prime; custom_button=\u00a0\u00bbon\u00a0\u00bb button_text_size=\u00a0\u00bb14px\u00a0\u00bb button_text_color=\u00a0\u00bb#423E3D\u00a0\u00bb button_bg_color=\u00a0\u00bbRGBA(255,255,255,0)\u00a0\u00bb button_border_width=\u00a0\u00bb1px\u00a0\u00bb button_border_color=\u00a0\u00bb#423E3D\u00a0\u00bb button_border_radius=\u00a0\u00bb0px\u00a0\u00bb button_letter_spacing=\u00a0\u00bb1.5px\u00a0\u00bb button_use_icon=\u00a0\u00bboff\u00a0\u00bb button_custom_padding=\u00a0\u00bb0px|0px|0px|0px|false|false\u00a0\u00bb custom_padding=\u00a0\u00bb10px|16px|10px|16px|false|false\u00a0\u00bb global_colors_info=\u00a0\u00bb{}\u00a0\u00bb][\/et_pb_wc_cart_notice][\/et_pb_column][\/et_pb_row][et_pb_row column_structure=\u00a0\u00bb1_2,1_2&Prime; use_custom_gutter=\u00a0\u00bbon\u00a0\u00bb gutter_width=\u00a0\u00bb2&Prime; _builder_version=\u00a0\u00bb4.21.0&Prime; background_size=\u00a0\u00bbinitial\u00a0\u00bb background_position=\u00a0\u00bbtop_left\u00a0\u00bb background_repeat=\u00a0\u00bbrepeat\u00a0\u00bb width=\u00a0\u00bb100%\u00a0\u00bb custom_margin=\u00a0\u00bb||60px||false|false\u00a0\u00bb custom_margin_tablet=\u00a0\u00bb||0px||false|false\u00a0\u00bb custom_margin_phone=\u00a0\u00bb||0px||false|false\u00a0\u00bb custom_margin_last_edited=\u00a0\u00bbon|tablet\u00a0\u00bb custom_padding=\u00a0\u00bb0px||||false|false\u00a0\u00bb global_colors_info=\u00a0\u00bb{}\u00a0\u00bb][et_pb_column type=\u00a0\u00bb1_2&Prime; _builder_version=\u00a0\u00bb4.16&Prime; custom_padding=\u00a0\u00bb|||\u00a0\u00bb global_colors_info=\u00a0\u00bb{}\u00a0\u00bb custom_padding__hover=\u00a0\u00bb|||\u00a0\u00bb][et_pb_text _builder_version=\u00a0\u00bb4.27.4&Prime; _module_preset=\u00a0\u00bbdefault\u00a0\u00bb background_image=\u00a0\u00bbhttps:\/\/chateausteagnes.com\/wp-content\/uploads\/DSC_4513.jpg\u00a0\u00bb height=\u00a0\u00bb850px\u00a0\u00bb height_tablet=\u00a0\u00bb500px\u00a0\u00bb height_phone=\u00a0\u00bb200px\u00a0\u00bb height_last_edited=\u00a0\u00bbon|phone\u00a0\u00bb background_last_edited=\u00a0\u00bbon|desktop\u00a0\u00bb locked=\u00a0\u00bboff\u00a0\u00bb global_colors_info=\u00a0\u00bb{}\u00a0\u00bb][\/et_pb_text][\/et_pb_column][et_pb_column type=\u00a0\u00bb1_2&Prime; _builder_version=\u00a0\u00bb4.16&Prime; custom_padding=\u00a0\u00bb|||\u00a0\u00bb global_colors_info=\u00a0\u00bb{}\u00a0\u00bb custom_padding__hover=\u00a0\u00bb|||\u00a0\u00bb][et_pb_wc_title _builder_version=\u00a0\u00bb4.16&Prime; global_colors_info=\u00a0\u00bb{}\u00a0\u00bb][\/et_pb_wc_title][et_pb_wc_price _builder_version=\u00a0\u00bb4.19.4&Prime; body_font_size=\u00a0\u00bb40px\u00a0\u00bb body_letter_spacing=\u00a0\u00bb2px\u00a0\u00bb body_line_height=\u00a0\u00bb2em\u00a0\u00bb global_colors_info=\u00a0\u00bb{}\u00a0\u00bb][\/et_pb_wc_price][et_pb_wc_description _builder_version=\u00a0\u00bb4.20.2&Prime; custom_padding=\u00a0\u00bb|130px||||\u00a0\u00bb custom_padding_tablet=\u00a0\u00bb|0px|||false|false\u00a0\u00bb custom_padding_phone=\u00a0\u00bb|0px|||false|false\u00a0\u00bb custom_padding_last_edited=\u00a0\u00bbon|tablet\u00a0\u00bb global_colors_info=\u00a0\u00bb{}\u00a0\u00bb][\/et_pb_wc_description][et_pb_toggle title=\u00a0\u00bbQu&rsquo;est-ce qui est inclus ?\u00a0\u00bb open_toggle_background_color=\u00a0\u00bbRGBA(255,255,255,0)\u00a0\u00bb closed_toggle_text_color=\u00a0\u00bb#423E3D\u00a0\u00bb closed_toggle_background_color=\u00a0\u00bbRGBA(255,255,255,0)\u00a0\u00bb icon_color=\u00a0\u00bb#423E3D\u00a0\u00bb toggle_icon=\u00a0\u00bb&#x4c;||divi||400&Prime; open_icon_color=\u00a0\u00bb#423E3D\u00a0\u00bb _builder_version=\u00a0\u00bb4.27.4&Prime; _module_preset=\u00a0\u00bbdefault\u00a0\u00bb body_text_color=\u00a0\u00bbRGBA(255,255,255,0)\u00a0\u00bb text_orientation=\u00a0\u00bbleft\u00a0\u00bb border_color_all=\u00a0\u00bbRGBA(255,255,255,0)\u00a0\u00bb border_color_bottom=\u00a0\u00bb#423E3D\u00a0\u00bb global_colors_info=\u00a0\u00bb{}\u00a0\u00bb]<\/p>\n<p>+ Base de la couronne\u00a0<br \/>+ Feuillage (sapin, pin, <span>branches de rosiers avec baies et s\u00e9cateur<\/span>)<br \/>+ Outils (pr\u00e9voir des gants pour ceux qui ne veulent pas se salir les mains)<br \/>+ Verre de vin chaud<\/p>\n<p>[\/et_pb_toggle][et_pb_text _builder_version=\u00a0\u00bb4.20.0&Prime; _module_preset=\u00a0\u00bbdefault\u00a0\u00bb global_colors_info=\u00a0\u00bb{}\u00a0\u00bb]<\/p>\n<h5>NOMBRE D&rsquo;INVIT\u00c9S :<\/h5>\n<p>[\/et_pb_text][et_pb_wc_add_to_cart _builder_version=\u00a0\u00bb4.20.2&Prime; _module_preset=\u00a0\u00bbdefault\u00a0\u00bb width_tablet=\u00a0\u00bb100%\u00a0\u00bb width_phone=\u00a0\u00bb100%\u00a0\u00bb width_last_edited=\u00a0\u00bbon|desktop\u00a0\u00bb global_colors_info=\u00a0\u00bb{}\u00a0\u00bb][\/et_pb_wc_add_to_cart][et_pb_wc_upsells columns_number=\u00a0\u00bb4&Prime; orderby=\u00a0\u00bbmenu_order\u00a0\u00bb icon_hover_color=\u00a0\u00bbRGBA(255,255,255,0)\u00a0\u00bb hover_overlay_color=\u00a0\u00bbRGBA(255,255,255,0)\u00a0\u00bb _builder_version=\u00a0\u00bb4.21.0&Prime; _module_preset=\u00a0\u00bbdefault\u00a0\u00bb global_colors_info=\u00a0\u00bb{}\u00a0\u00bb][\/et_pb_wc_upsells][\/et_pb_column][\/et_pb_row][\/et_pb_section]<\/p>\n","protected":false},"excerpt":{"rendered":"<p><b>DATE:<\/b> SAMEDI, LE 6 D\u00c9CEMBRE 2025<b><b><br \/>\n<b>HEURE:<\/b><\/b><\/b> 13:00\u00a0 \u2014 16:00<\/p>\n<p>Plongez dans la magie des f\u00eates au Ch\u00e2teau Ste-Agn\u00e8s et joignez-vous \u00e0 nous pour un atelier de cr\u00e9ation de couronnes saisonni\u00e8res. Anim\u00e9 par le talentueux designer floral \u00e9coresponsable Marc Sardi, vous confectionnerez une couronne \u00e0 partir de feuillages de saison, de branches de sapin bien fournies, de pin parfum\u00e9 et de branches d\u2019\u00e9glantier, afin de cr\u00e9er une pi\u00e8ce florale unique et personnalis\u00e9e.<\/p>\n<p>Emportez chez vous votre propre couronne artisanale pour ajouter une ambiance chaleureuse et festive \u00e0 votre maison\u2014parfait pour accueillir la saison avec \u00e9l\u00e9gance !<\/p>\n<div style=\"background: #F3EEE7; padding: 10px; font-size: 13px; line-height: 20px; font-weight: 400; margin-top: 20px; color: #786b62;\"><em><strong> Veuillez noter:<\/strong> Tous les billets achet\u00e9s pour l&rsquo;atelier de couronnes sont des ventes finales. <\/em><\/div>\n","protected":false},"featured_media":28951,"template":"","meta":{"_et_pb_use_builder":"on","_et_pb_old_content":"","_et_gb_content_width":""},"product_brand":[],"product_cat":[35],"product_tag":[],"class_list":{"0":"post-18736","1":"product","2":"type-product","3":"status-publish","4":"has-post-thumbnail","6":"product_cat-experiences-fr","8":"first","9":"outofstock","10":"virtual","11":"taxable","12":"purchasable","13":"product-type-simple"},"yoast_head":"<!-- This site is optimized with the Yoast SEO plugin v27.5 - https:\/\/yoast.com\/product\/yoast-seo-wordpress\/ -->\n<title>Atelier de couronnes saisonni\u00e8res &#8212; Ch\u00e2teau Ste-Agn\u00e8s<\/title>\n<meta name=\"description\" content=\"Vivez la magie des f\u00eates au Ch\u00e2teau Ste-Agn\u00e8s avec un atelier de couronnes saisonni\u00e8res, guid\u00e9 par le talentueux Marc Sardi.\" \/>\n<meta name=\"robots\" content=\"index, follow, max-snippet:-1, max-image-preview:large, max-video-preview:-1\" \/>\n<link rel=\"canonical\" href=\"https:\/\/chateausteagnes.com\/fr\/boutique\/experiences-fr\/atelier-de-couronnes-saisonnieres\/\" \/>\n<meta property=\"og:locale\" content=\"fr_FR\" \/>\n<meta property=\"og:type\" content=\"article\" \/>\n<meta property=\"og:title\" content=\"Atelier de couronnes saisonni\u00e8res &#8212; Ch\u00e2teau Ste-Agn\u00e8s\" \/>\n<meta property=\"og:description\" content=\"Vivez la magie des f\u00eates au Ch\u00e2teau Ste-Agn\u00e8s avec un atelier de couronnes saisonni\u00e8res, guid\u00e9 par le talentueux Marc Sardi.\" \/>\n<meta property=\"og:url\" content=\"https:\/\/chateausteagnes.com\/fr\/boutique\/experiences-fr\/atelier-de-couronnes-saisonnieres\/\" \/>\n<meta property=\"og:site_name\" content=\"Ch\u00e2teau Ste-Agn\u00e8s\" \/>\n<meta property=\"article:modified_time\" content=\"2025-11-21T16:55:30+00:00\" \/>\n<meta property=\"og:image\" content=\"https:\/\/chateausteagnes.com\/wp-content\/uploads\/DSC_4513.jpg\" \/>\n\t<meta property=\"og:image:width\" content=\"1500\" \/>\n\t<meta property=\"og:image:height\" content=\"2153\" \/>\n\t<meta property=\"og:image:type\" content=\"image\/jpeg\" \/>\n<meta name=\"twitter:card\" content=\"summary_large_image\" \/>\n<meta name=\"twitter:label1\" content=\"Dur\u00e9e de lecture estim\u00e9e\" \/>\n\t<meta name=\"twitter:data1\" content=\"3 minutes\" \/>\n<script type=\"application\/ld+json\" class=\"yoast-schema-graph\">{\"@context\":\"https:\\\/\\\/schema.org\",\"@graph\":[{\"@type\":\"WebPage\",\"@id\":\"https:\\\/\\\/chateausteagnes.com\\\/fr\\\/boutique\\\/experiences-fr\\\/atelier-de-couronnes-saisonnieres\\\/\",\"url\":\"https:\\\/\\\/chateausteagnes.com\\\/fr\\\/boutique\\\/experiences-fr\\\/atelier-de-couronnes-saisonnieres\\\/\",\"name\":\"Atelier de couronnes saisonni\u00e8res &#8212; Ch\u00e2teau Ste-Agn\u00e8s\",\"isPartOf\":{\"@id\":\"https:\\\/\\\/chateausteagnes.com\\\/fr\\\/#website\"},\"primaryImageOfPage\":{\"@id\":\"https:\\\/\\\/chateausteagnes.com\\\/fr\\\/boutique\\\/experiences-fr\\\/atelier-de-couronnes-saisonnieres\\\/#primaryimage\"},\"image\":{\"@id\":\"https:\\\/\\\/chateausteagnes.com\\\/fr\\\/boutique\\\/experiences-fr\\\/atelier-de-couronnes-saisonnieres\\\/#primaryimage\"},\"thumbnailUrl\":\"https:\\\/\\\/chateausteagnes.com\\\/wp-content\\\/uploads\\\/DSC_4513.jpg\",\"datePublished\":\"2024-11-02T15:23:34+00:00\",\"dateModified\":\"2025-11-21T16:55:30+00:00\",\"description\":\"Vivez la magie des f\u00eates au Ch\u00e2teau Ste-Agn\u00e8s avec un atelier de couronnes saisonni\u00e8res, guid\u00e9 par le talentueux Marc Sardi.\",\"breadcrumb\":{\"@id\":\"https:\\\/\\\/chateausteagnes.com\\\/fr\\\/boutique\\\/experiences-fr\\\/atelier-de-couronnes-saisonnieres\\\/#breadcrumb\"},\"inLanguage\":\"fr-FR\",\"potentialAction\":[{\"@type\":\"ReadAction\",\"target\":[\"https:\\\/\\\/chateausteagnes.com\\\/fr\\\/boutique\\\/experiences-fr\\\/atelier-de-couronnes-saisonnieres\\\/\"]}]},{\"@type\":\"ImageObject\",\"inLanguage\":\"fr-FR\",\"@id\":\"https:\\\/\\\/chateausteagnes.com\\\/fr\\\/boutique\\\/experiences-fr\\\/atelier-de-couronnes-saisonnieres\\\/#primaryimage\",\"url\":\"https:\\\/\\\/chateausteagnes.com\\\/wp-content\\\/uploads\\\/DSC_4513.jpg\",\"contentUrl\":\"https:\\\/\\\/chateausteagnes.com\\\/wp-content\\\/uploads\\\/DSC_4513.jpg\",\"width\":1500,\"height\":2153},{\"@type\":\"BreadcrumbList\",\"@id\":\"https:\\\/\\\/chateausteagnes.com\\\/fr\\\/boutique\\\/experiences-fr\\\/atelier-de-couronnes-saisonnieres\\\/#breadcrumb\",\"itemListElement\":[{\"@type\":\"ListItem\",\"position\":1,\"name\":\"Home\",\"item\":\"https:\\\/\\\/chateausteagnes.com\\\/fr\\\/\"},{\"@type\":\"ListItem\",\"position\":2,\"name\":\"Boutique\",\"item\":\"https:\\\/\\\/chateausteagnes.com\\\/fr\\\/boutique\\\/\"},{\"@type\":\"ListItem\",\"position\":3,\"name\":\"Atelier de couronnes saisonni\u00e8res\"}]},{\"@type\":\"WebSite\",\"@id\":\"https:\\\/\\\/chateausteagnes.com\\\/fr\\\/#website\",\"url\":\"https:\\\/\\\/chateausteagnes.com\\\/fr\\\/\",\"name\":\"Ch\u00e2teau Ste-Agn\u00e8s\",\"description\":\"\",\"publisher\":{\"@id\":\"https:\\\/\\\/chateausteagnes.com\\\/fr\\\/#organization\"},\"potentialAction\":[{\"@type\":\"SearchAction\",\"target\":{\"@type\":\"EntryPoint\",\"urlTemplate\":\"https:\\\/\\\/chateausteagnes.com\\\/fr\\\/?s={search_term_string}\"},\"query-input\":{\"@type\":\"PropertyValueSpecification\",\"valueRequired\":true,\"valueName\":\"search_term_string\"}}],\"inLanguage\":\"fr-FR\"},{\"@type\":\"Organization\",\"@id\":\"https:\\\/\\\/chateausteagnes.com\\\/fr\\\/#organization\",\"name\":\"Ch\u00e2teau Ste-Agn\u00e8s\",\"url\":\"https:\\\/\\\/chateausteagnes.com\\\/fr\\\/\",\"logo\":{\"@type\":\"ImageObject\",\"inLanguage\":\"fr-FR\",\"@id\":\"https:\\\/\\\/chateausteagnes.com\\\/fr\\\/#\\\/schema\\\/logo\\\/image\\\/\",\"url\":\"https:\\\/\\\/www.chateausteagnes.com\\\/wp-content\\\/uploads\\\/2023\\\/01\\\/newlogo-nosymbol.png\",\"contentUrl\":\"https:\\\/\\\/www.chateausteagnes.com\\\/wp-content\\\/uploads\\\/2023\\\/01\\\/newlogo-nosymbol.png\",\"width\":590,\"height\":133,\"caption\":\"Ch\u00e2teau Ste-Agn\u00e8s\"},\"image\":{\"@id\":\"https:\\\/\\\/chateausteagnes.com\\\/fr\\\/#\\\/schema\\\/logo\\\/image\\\/\"}}]}<\/script>\n<!-- \/ Yoast SEO plugin. -->","yoast_head_json":{"title":"Atelier de couronnes saisonni\u00e8res &#8212; Ch\u00e2teau Ste-Agn\u00e8s","description":"Vivez la magie des f\u00eates au Ch\u00e2teau Ste-Agn\u00e8s avec un atelier de couronnes saisonni\u00e8res, guid\u00e9 par le talentueux Marc Sardi.","robots":{"index":"index","follow":"follow","max-snippet":"max-snippet:-1","max-image-preview":"max-image-preview:large","max-video-preview":"max-video-preview:-1"},"canonical":"https:\/\/chateausteagnes.com\/fr\/boutique\/experiences-fr\/atelier-de-couronnes-saisonnieres\/","og_locale":"fr_FR","og_type":"article","og_title":"Atelier de couronnes saisonni\u00e8res &#8212; Ch\u00e2teau Ste-Agn\u00e8s","og_description":"Vivez la magie des f\u00eates au Ch\u00e2teau Ste-Agn\u00e8s avec un atelier de couronnes saisonni\u00e8res, guid\u00e9 par le talentueux Marc Sardi.","og_url":"https:\/\/chateausteagnes.com\/fr\/boutique\/experiences-fr\/atelier-de-couronnes-saisonnieres\/","og_site_name":"Ch\u00e2teau Ste-Agn\u00e8s","article_modified_time":"2025-11-21T16:55:30+00:00","og_image":[{"width":1500,"height":2153,"url":"https:\/\/chateausteagnes.com\/wp-content\/uploads\/DSC_4513.jpg","type":"image\/jpeg"}],"twitter_card":"summary_large_image","twitter_misc":{"Dur\u00e9e de lecture estim\u00e9e":"3 minutes"},"schema":{"@context":"https:\/\/schema.org","@graph":[{"@type":"WebPage","@id":"https:\/\/chateausteagnes.com\/fr\/boutique\/experiences-fr\/atelier-de-couronnes-saisonnieres\/","url":"https:\/\/chateausteagnes.com\/fr\/boutique\/experiences-fr\/atelier-de-couronnes-saisonnieres\/","name":"Atelier de couronnes saisonni\u00e8res &#8212; Ch\u00e2teau Ste-Agn\u00e8s","isPartOf":{"@id":"https:\/\/chateausteagnes.com\/fr\/#website"},"primaryImageOfPage":{"@id":"https:\/\/chateausteagnes.com\/fr\/boutique\/experiences-fr\/atelier-de-couronnes-saisonnieres\/#primaryimage"},"image":{"@id":"https:\/\/chateausteagnes.com\/fr\/boutique\/experiences-fr\/atelier-de-couronnes-saisonnieres\/#primaryimage"},"thumbnailUrl":"https:\/\/chateausteagnes.com\/wp-content\/uploads\/DSC_4513.jpg","datePublished":"2024-11-02T15:23:34+00:00","dateModified":"2025-11-21T16:55:30+00:00","description":"Vivez la magie des f\u00eates au Ch\u00e2teau Ste-Agn\u00e8s avec un atelier de couronnes saisonni\u00e8res, guid\u00e9 par le talentueux Marc Sardi.","breadcrumb":{"@id":"https:\/\/chateausteagnes.com\/fr\/boutique\/experiences-fr\/atelier-de-couronnes-saisonnieres\/#breadcrumb"},"inLanguage":"fr-FR","potentialAction":[{"@type":"ReadAction","target":["https:\/\/chateausteagnes.com\/fr\/boutique\/experiences-fr\/atelier-de-couronnes-saisonnieres\/"]}]},{"@type":"ImageObject","inLanguage":"fr-FR","@id":"https:\/\/chateausteagnes.com\/fr\/boutique\/experiences-fr\/atelier-de-couronnes-saisonnieres\/#primaryimage","url":"https:\/\/chateausteagnes.com\/wp-content\/uploads\/DSC_4513.jpg","contentUrl":"https:\/\/chateausteagnes.com\/wp-content\/uploads\/DSC_4513.jpg","width":1500,"height":2153},{"@type":"BreadcrumbList","@id":"https:\/\/chateausteagnes.com\/fr\/boutique\/experiences-fr\/atelier-de-couronnes-saisonnieres\/#breadcrumb","itemListElement":[{"@type":"ListItem","position":1,"name":"Home","item":"https:\/\/chateausteagnes.com\/fr\/"},{"@type":"ListItem","position":2,"name":"Boutique","item":"https:\/\/chateausteagnes.com\/fr\/boutique\/"},{"@type":"ListItem","position":3,"name":"Atelier de couronnes saisonni\u00e8res"}]},{"@type":"WebSite","@id":"https:\/\/chateausteagnes.com\/fr\/#website","url":"https:\/\/chateausteagnes.com\/fr\/","name":"Ch\u00e2teau Ste-Agn\u00e8s","description":"","publisher":{"@id":"https:\/\/chateausteagnes.com\/fr\/#organization"},"potentialAction":[{"@type":"SearchAction","target":{"@type":"EntryPoint","urlTemplate":"https:\/\/chateausteagnes.com\/fr\/?s={search_term_string}"},"query-input":{"@type":"PropertyValueSpecification","valueRequired":true,"valueName":"search_term_string"}}],"inLanguage":"fr-FR"},{"@type":"Organization","@id":"https:\/\/chateausteagnes.com\/fr\/#organization","name":"Ch\u00e2teau Ste-Agn\u00e8s","url":"https:\/\/chateausteagnes.com\/fr\/","logo":{"@type":"ImageObject","inLanguage":"fr-FR","@id":"https:\/\/chateausteagnes.com\/fr\/#\/schema\/logo\/image\/","url":"https:\/\/www.chateausteagnes.com\/wp-content\/uploads\/2023\/01\/newlogo-nosymbol.png","contentUrl":"https:\/\/www.chateausteagnes.com\/wp-content\/uploads\/2023\/01\/newlogo-nosymbol.png","width":590,"height":133,"caption":"Ch\u00e2teau Ste-Agn\u00e8s"},"image":{"@id":"https:\/\/chateausteagnes.com\/fr\/#\/schema\/logo\/image\/"}}]}},"jetpack_sharing_enabled":true,"_links":{"self":[{"href":"https:\/\/chateausteagnes.com\/fr\/wp-json\/wp\/v2\/product\/18736","targetHints":{"allow":["GET"]}}],"collection":[{"href":"https:\/\/chateausteagnes.com\/fr\/wp-json\/wp\/v2\/product"}],"about":[{"href":"https:\/\/chateausteagnes.com\/fr\/wp-json\/wp\/v2\/types\/product"}],"wp:featuredmedia":[{"embeddable":true,"href":"https:\/\/chateausteagnes.com\/fr\/wp-json\/wp\/v2\/media\/28951"}],"wp:attachment":[{"href":"https:\/\/chateausteagnes.com\/fr\/wp-json\/wp\/v2\/media?parent=18736"}],"wp:term":[{"taxonomy":"product_brand","embeddable":true,"href":"https:\/\/chateausteagnes.com\/fr\/wp-json\/wp\/v2\/product_brand?post=18736"},{"taxonomy":"product_cat","embeddable":true,"href":"https:\/\/chateausteagnes.com\/fr\/wp-json\/wp\/v2\/product_cat?post=18736"},{"taxonomy":"product_tag","embeddable":true,"href":"https:\/\/chateausteagnes.com\/fr\/wp-json\/wp\/v2\/product_tag?post=18736"}],"curies":[{"name":"wp","href":"https:\/\/api.w.org\/{rel}","templated":true}]}}