{"id":16461,"date":"2024-09-02T11:56:13","date_gmt":"2024-09-02T15:56:13","guid":{"rendered":"https:\/\/www.chateausteagnes.com\/?post_type=product&#038;p=16461"},"modified":"2025-11-14T09:11:21","modified_gmt":"2025-11-14T13:11:21","slug":"visite-guidee-edition-hivernale","status":"publish","type":"product","link":"https:\/\/chateausteagnes.com\/fr\/boutique\/experiences-fr\/visite-guidee-edition-hivernale\/","title":{"rendered":"Visite Guid\u00e9e : \u00c9dition Hivernale"},"content":{"rendered":"<p>[et_pb_section fb_built=\u00a0\u00bb1&Prime; custom_padding_last_edited=\u00a0\u00bbon|tablet\u00a0\u00bb _builder_version=\u00a0\u00bb4.20.2&Prime; background_color=\u00a0\u00bbRGBA(255,255,255,0)\u00a0\u00bb width=\u00a0\u00bb100%\u00a0\u00bb max_width=\u00a0\u00bb1900px\u00a0\u00bb custom_margin=\u00a0\u00bb||0px||false|false\u00a0\u00bb custom_padding=\u00a0\u00bb0px||||false|false\u00a0\u00bb custom_padding_tablet=\u00a0\u00bb||0px||false|false\u00a0\u00bb custom_padding_phone=\u00a0\u00bb||0px||false|false\u00a0\u00bb global_colors_info=\u00a0\u00bb{}\u00a0\u00bb][et_pb_row _builder_version=\u00a0\u00bb4.16&Prime; background_size=\u00a0\u00bbinitial\u00a0\u00bb background_position=\u00a0\u00bbtop_left\u00a0\u00bb background_repeat=\u00a0\u00bbrepeat\u00a0\u00bb width=\u00a0\u00bb100%\u00a0\u00bb custom_padding=\u00a0\u00bb0px||0px||false|false\u00a0\u00bb global_colors_info=\u00a0\u00bb{}\u00a0\u00bb][et_pb_column type=\u00a0\u00bb4_4&Prime; _builder_version=\u00a0\u00bb4.16&Prime; custom_padding=\u00a0\u00bb|||\u00a0\u00bb global_colors_info=\u00a0\u00bb{}\u00a0\u00bb custom_padding__hover=\u00a0\u00bb|||\u00a0\u00bb][et_pb_wc_breadcrumb _builder_version=\u00a0\u00bb4.16&Prime; global_colors_info=\u00a0\u00bb{}\u00a0\u00bb][\/et_pb_wc_breadcrumb][et_pb_wc_cart_notice _builder_version=\u00a0\u00bb4.19.4&Prime; title_text_color=\u00a0\u00bb#423E3D\u00a0\u00bb title_font_size=\u00a0\u00bb14px\u00a0\u00bb background_color=\u00a0\u00bb#F3EEE7&Prime; custom_button=\u00a0\u00bbon\u00a0\u00bb button_text_size=\u00a0\u00bb14px\u00a0\u00bb button_text_color=\u00a0\u00bb#423E3D\u00a0\u00bb button_bg_color=\u00a0\u00bbRGBA(255,255,255,0)\u00a0\u00bb button_border_width=\u00a0\u00bb1px\u00a0\u00bb button_border_color=\u00a0\u00bb#423E3D\u00a0\u00bb button_border_radius=\u00a0\u00bb0px\u00a0\u00bb button_letter_spacing=\u00a0\u00bb1.5px\u00a0\u00bb button_use_icon=\u00a0\u00bboff\u00a0\u00bb button_custom_padding=\u00a0\u00bb0px|0px|0px|0px|false|false\u00a0\u00bb custom_padding=\u00a0\u00bb10px|16px|10px|16px|false|false\u00a0\u00bb global_colors_info=\u00a0\u00bb{}\u00a0\u00bb][\/et_pb_wc_cart_notice][\/et_pb_column][\/et_pb_row][et_pb_row column_structure=\u00a0\u00bb1_2,1_2&Prime; use_custom_gutter=\u00a0\u00bbon\u00a0\u00bb gutter_width=\u00a0\u00bb2&Prime; _builder_version=\u00a0\u00bb4.21.0&Prime; background_size=\u00a0\u00bbinitial\u00a0\u00bb background_position=\u00a0\u00bbtop_left\u00a0\u00bb background_repeat=\u00a0\u00bbrepeat\u00a0\u00bb width=\u00a0\u00bb100%\u00a0\u00bb custom_margin=\u00a0\u00bb||60px||false|false\u00a0\u00bb custom_margin_tablet=\u00a0\u00bb||0px||false|false\u00a0\u00bb custom_margin_phone=\u00a0\u00bb||0px||false|false\u00a0\u00bb custom_margin_last_edited=\u00a0\u00bbon|tablet\u00a0\u00bb custom_padding=\u00a0\u00bb0px||20px||false|false\u00a0\u00bb global_colors_info=\u00a0\u00bb{}\u00a0\u00bb][et_pb_column type=\u00a0\u00bb1_2&Prime; _builder_version=\u00a0\u00bb4.16&Prime; custom_padding=\u00a0\u00bb|||\u00a0\u00bb global_colors_info=\u00a0\u00bb{}\u00a0\u00bb custom_padding__hover=\u00a0\u00bb|||\u00a0\u00bb][et_pb_text _builder_version=\u00a0\u00bb4.27.4&Prime; _module_preset=\u00a0\u00bbdefault\u00a0\u00bb background_image=\u00a0\u00bbhttps:\/\/chateausteagnes.com\/wp-content\/uploads\/DSC_0701-2-scaled.jpg\u00a0\u00bb height=\u00a0\u00bb850px\u00a0\u00bb height_tablet=\u00a0\u00bb500px\u00a0\u00bb height_phone=\u00a0\u00bb200px\u00a0\u00bb height_last_edited=\u00a0\u00bbon|phone\u00a0\u00bb locked=\u00a0\u00bboff\u00a0\u00bb global_colors_info=\u00a0\u00bb{}\u00a0\u00bb][\/et_pb_text][\/et_pb_column][et_pb_column type=\u00a0\u00bb1_2&Prime; _builder_version=\u00a0\u00bb4.16&Prime; custom_padding=\u00a0\u00bb|||\u00a0\u00bb global_colors_info=\u00a0\u00bb{}\u00a0\u00bb custom_padding__hover=\u00a0\u00bb|||\u00a0\u00bb][et_pb_wc_title _builder_version=\u00a0\u00bb4.16&Prime; global_colors_info=\u00a0\u00bb{}\u00a0\u00bb][\/et_pb_wc_title][et_pb_wc_price disabled_on=\u00a0\u00bboff|off|off\u00a0\u00bb _builder_version=\u00a0\u00bb4.23.2&Prime; body_font_size=\u00a0\u00bb40px\u00a0\u00bb body_letter_spacing=\u00a0\u00bb2px\u00a0\u00bb body_line_height=\u00a0\u00bb2em\u00a0\u00bb global_colors_info=\u00a0\u00bb{}\u00a0\u00bb][\/et_pb_wc_price][et_pb_wc_description _builder_version=\u00a0\u00bb4.20.2&Prime; custom_margin=\u00a0\u00bb|130px|||false|false\u00a0\u00bb custom_margin_tablet=\u00a0\u00bb|0px|||false|false\u00a0\u00bb custom_margin_phone=\u00a0\u00bb|0px|||false|false\u00a0\u00bb custom_margin_last_edited=\u00a0\u00bbon|tablet\u00a0\u00bb custom_padding=\u00a0\u00bb|0px|||false|false\u00a0\u00bb global_colors_info=\u00a0\u00bb{}\u00a0\u00bb][\/et_pb_wc_description][et_pb_toggle title=\u00a0\u00bbQu&rsquo;est-ce qui est inclus ?\u00a0\u00bb icon_color=\u00a0\u00bb#423E3D\u00a0\u00bb toggle_icon=\u00a0\u00bb&#x4c;||divi||400&Prime; open_toggle_icon=\u00a0\u00bb&#x4b;||divi||400&Prime; _builder_version=\u00a0\u00bb4.27.4&Prime; _module_preset=\u00a0\u00bbdefault\u00a0\u00bb background_color=\u00a0\u00bbRGBA(255,255,255,0)\u00a0\u00bb custom_margin=\u00a0\u00bb40px|130px|10px||false|false\u00a0\u00bb custom_margin_tablet=\u00a0\u00bb|0px||0px|false|false\u00a0\u00bb custom_margin_phone=\u00a0\u00bb|0px||0px|false|false\u00a0\u00bb custom_margin_last_edited=\u00a0\u00bbon|tablet\u00a0\u00bb custom_padding=\u00a0\u00bb0px|0px|4px|0px|false|false\u00a0\u00bb custom_padding_tablet=\u00a0\u00bb0px||4px||false|false\u00a0\u00bb custom_padding_phone=\u00a0\u00bb0px||4px||false|false\u00a0\u00bb custom_padding_last_edited=\u00a0\u00bbon|tablet\u00a0\u00bb border_width_all=\u00a0\u00bb0px\u00a0\u00bb border_color_all=\u00a0\u00bbRGBA(255,255,255,0)\u00a0\u00bb border_width_bottom=\u00a0\u00bb1px\u00a0\u00bb border_color_bottom=\u00a0\u00bb#423E3D\u00a0\u00bb locked=\u00a0\u00bboff\u00a0\u00bb global_colors_info=\u00a0\u00bb{}\u00a0\u00bb]<\/p>\n<p>+ Entr\u00e9e<br \/>+ Visite guid\u00e9e<br \/>+ D\u00e9gustation de vin<\/p>\n<p>[\/et_pb_toggle][et_pb_text _builder_version=\u00a0\u00bb4.20.0&Prime; _module_preset=\u00a0\u00bbdefault\u00a0\u00bb global_colors_info=\u00a0\u00bb{}\u00a0\u00bb]<\/p>\n<h5>NOMBRE D&rsquo;INVIT\u00c9S :<\/h5>\n<p>[\/et_pb_text][et_pb_wc_add_to_cart _builder_version=\u00a0\u00bb4.20.0&Prime; _module_preset=\u00a0\u00bbdefault\u00a0\u00bb width_tablet=\u00a0\u00bb100%\u00a0\u00bb width_phone=\u00a0\u00bb100%\u00a0\u00bb width_last_edited=\u00a0\u00bbon|desktop\u00a0\u00bb global_colors_info=\u00a0\u00bb{}\u00a0\u00bb][\/et_pb_wc_add_to_cart][et_pb_wc_upsells columns_number=\u00a0\u00bb4&Prime; icon_hover_color=\u00a0\u00bbRGBA(255,255,255,0)\u00a0\u00bb hover_overlay_color=\u00a0\u00bbRGBA(255,255,255,0)\u00a0\u00bb _builder_version=\u00a0\u00bb4.20.2&Prime; _module_preset=\u00a0\u00bbdefault\u00a0\u00bb global_colors_info=\u00a0\u00bb{}\u00a0\u00bb][\/et_pb_wc_upsells][\/et_pb_column][\/et_pb_row][\/et_pb_section]<\/p>\n","protected":false},"excerpt":{"rendered":"<p>Nos visites guid\u00e9es d\u2019une heure vous offrent de faire connaissance avec la passion, l\u2019art et l\u2019histoire du vignoble. D\u00e9couvrez l\u2019histoire d\u2019Henrietta Antony, la visionnaire \u00e0 l\u2019origine de la cr\u00e9ation du domaine, et toutes les superbes antiquit\u00e9s qui s\u2019y trouvent. D\u00e9couvrez notre vignboble et terminez la visite par une d\u00e9gustation de nos 4 vins dans notre salle de d\u00e9gustation.<\/p>\n<p>*Psst : La visite guid\u00e9e est le seul moyen d\u2019acc\u00e9der \u00e0 l\u2019int\u00e9rieur de la chapelle et du ch\u00e2teau et d\u2019apercevoir la fameuse salle o\u00f9 la c\u00e9l\u00e8bre chanteuse Adele a tourn\u00e9 son vid\u00e9oclip Easy On Me.<\/p>\n<div style=\"background: #F3EEE7; padding: 10px; font-size: 13px; line-height: 20px; font-weight: 400; margin-top: 20px; color: #786b62;\"><em><strong>Veuillez noter:<\/strong> Les r\u00e9servations en ligne pour les visites guid\u00e9es sont accept\u00e9es jusqu\u2019au matin de l\u2019exp\u00e9rience. Pass\u00e9 ce d\u00e9lai, les visites guid\u00e9es le jour m\u00eame peuvent \u00eatre r\u00e9serv\u00e9es seulement sur place, selon les disponibilit\u00e9s.<\/em><\/div>\n","protected":false},"featured_media":28986,"template":"","meta":{"_et_pb_use_builder":"on","_et_pb_old_content":"","_et_gb_content_width":""},"product_brand":[],"product_cat":[35],"product_tag":[],"class_list":{"0":"post-16461","1":"product","2":"type-product","3":"status-publish","4":"has-post-thumbnail","6":"product_cat-experiences-fr","8":"first","9":"instock","10":"virtual","11":"sold-individually","12":"taxable","13":"purchasable","14":"product-type-booking"},"yoast_head":"<!-- This site is optimized with the Yoast SEO plugin v27.5 - https:\/\/yoast.com\/product\/yoast-seo-wordpress\/ -->\n<title>Visite Guid\u00e9e : \u00c9dition Hivernale &#8212; Ch\u00e2teau Ste-Agn\u00e8s<\/title>\n<meta name=\"description\" content=\"Partez \u00e0 la d\u00e9couverte de notre domaine sous le charme de l&#039;hiver, suivie d&#039;une d\u00e9gustation de quatre de nos vins r\u00e9confortants.\" \/>\n<meta name=\"robots\" content=\"index, follow, max-snippet:-1, max-image-preview:large, max-video-preview:-1\" \/>\n<link rel=\"canonical\" href=\"https:\/\/chateausteagnes.com\/fr\/boutique\/experiences-fr\/visite-guidee-edition-hivernale\/\" \/>\n<meta property=\"og:locale\" content=\"fr_FR\" \/>\n<meta property=\"og:type\" content=\"article\" \/>\n<meta property=\"og:title\" content=\"Visite Guid\u00e9e : \u00c9dition Hivernale &#8212; Ch\u00e2teau Ste-Agn\u00e8s\" \/>\n<meta property=\"og:description\" content=\"Partez \u00e0 la d\u00e9couverte de notre domaine sous le charme de l&#039;hiver, suivie d&#039;une d\u00e9gustation de quatre de nos vins r\u00e9confortants.\" \/>\n<meta property=\"og:url\" content=\"https:\/\/chateausteagnes.com\/fr\/boutique\/experiences-fr\/visite-guidee-edition-hivernale\/\" \/>\n<meta property=\"og:site_name\" content=\"Ch\u00e2teau Ste-Agn\u00e8s\" \/>\n<meta property=\"article:modified_time\" content=\"2025-11-14T13:11:21+00:00\" \/>\n<meta property=\"og:image\" content=\"https:\/\/chateausteagnes.com\/wp-content\/uploads\/DSC_0701-2-scaled.jpg\" \/>\n\t<meta property=\"og:image:width\" content=\"1707\" \/>\n\t<meta property=\"og:image:height\" content=\"2560\" \/>\n\t<meta property=\"og:image:type\" content=\"image\/jpeg\" \/>\n<meta name=\"twitter:card\" content=\"summary_large_image\" \/>\n<meta name=\"twitter:label1\" content=\"Dur\u00e9e de lecture estim\u00e9e\" \/>\n\t<meta name=\"twitter:data1\" content=\"2 minutes\" \/>\n<script type=\"application\/ld+json\" class=\"yoast-schema-graph\">{\"@context\":\"https:\\\/\\\/schema.org\",\"@graph\":[{\"@type\":\"WebPage\",\"@id\":\"https:\\\/\\\/chateausteagnes.com\\\/fr\\\/boutique\\\/experiences-fr\\\/visite-guidee-edition-hivernale\\\/\",\"url\":\"https:\\\/\\\/chateausteagnes.com\\\/fr\\\/boutique\\\/experiences-fr\\\/visite-guidee-edition-hivernale\\\/\",\"name\":\"Visite Guid\u00e9e : \u00c9dition Hivernale &#8212; Ch\u00e2teau Ste-Agn\u00e8s\",\"isPartOf\":{\"@id\":\"https:\\\/\\\/chateausteagnes.com\\\/fr\\\/#website\"},\"primaryImageOfPage\":{\"@id\":\"https:\\\/\\\/chateausteagnes.com\\\/fr\\\/boutique\\\/experiences-fr\\\/visite-guidee-edition-hivernale\\\/#primaryimage\"},\"image\":{\"@id\":\"https:\\\/\\\/chateausteagnes.com\\\/fr\\\/boutique\\\/experiences-fr\\\/visite-guidee-edition-hivernale\\\/#primaryimage\"},\"thumbnailUrl\":\"https:\\\/\\\/chateausteagnes.com\\\/wp-content\\\/uploads\\\/DSC_0701-2-scaled.jpg\",\"datePublished\":\"2024-09-02T15:56:13+00:00\",\"dateModified\":\"2025-11-14T13:11:21+00:00\",\"description\":\"Partez \u00e0 la d\u00e9couverte de notre domaine sous le charme de l'hiver, suivie d'une d\u00e9gustation de quatre de nos vins r\u00e9confortants.\",\"breadcrumb\":{\"@id\":\"https:\\\/\\\/chateausteagnes.com\\\/fr\\\/boutique\\\/experiences-fr\\\/visite-guidee-edition-hivernale\\\/#breadcrumb\"},\"inLanguage\":\"fr-FR\",\"potentialAction\":[{\"@type\":\"ReadAction\",\"target\":[\"https:\\\/\\\/chateausteagnes.com\\\/fr\\\/boutique\\\/experiences-fr\\\/visite-guidee-edition-hivernale\\\/\"]}]},{\"@type\":\"ImageObject\",\"inLanguage\":\"fr-FR\",\"@id\":\"https:\\\/\\\/chateausteagnes.com\\\/fr\\\/boutique\\\/experiences-fr\\\/visite-guidee-edition-hivernale\\\/#primaryimage\",\"url\":\"https:\\\/\\\/chateausteagnes.com\\\/wp-content\\\/uploads\\\/DSC_0701-2-scaled.jpg\",\"contentUrl\":\"https:\\\/\\\/chateausteagnes.com\\\/wp-content\\\/uploads\\\/DSC_0701-2-scaled.jpg\",\"width\":1707,\"height\":2560},{\"@type\":\"BreadcrumbList\",\"@id\":\"https:\\\/\\\/chateausteagnes.com\\\/fr\\\/boutique\\\/experiences-fr\\\/visite-guidee-edition-hivernale\\\/#breadcrumb\",\"itemListElement\":[{\"@type\":\"ListItem\",\"position\":1,\"name\":\"Home\",\"item\":\"https:\\\/\\\/chateausteagnes.com\\\/fr\\\/\"},{\"@type\":\"ListItem\",\"position\":2,\"name\":\"Boutique\",\"item\":\"https:\\\/\\\/chateausteagnes.com\\\/fr\\\/boutique\\\/\"},{\"@type\":\"ListItem\",\"position\":3,\"name\":\"Visite Guid\u00e9e : \u00c9dition Hivernale\"}]},{\"@type\":\"WebSite\",\"@id\":\"https:\\\/\\\/chateausteagnes.com\\\/fr\\\/#website\",\"url\":\"https:\\\/\\\/chateausteagnes.com\\\/fr\\\/\",\"name\":\"Ch\u00e2teau Ste-Agn\u00e8s\",\"description\":\"\",\"publisher\":{\"@id\":\"https:\\\/\\\/chateausteagnes.com\\\/fr\\\/#organization\"},\"potentialAction\":[{\"@type\":\"SearchAction\",\"target\":{\"@type\":\"EntryPoint\",\"urlTemplate\":\"https:\\\/\\\/chateausteagnes.com\\\/fr\\\/?s={search_term_string}\"},\"query-input\":{\"@type\":\"PropertyValueSpecification\",\"valueRequired\":true,\"valueName\":\"search_term_string\"}}],\"inLanguage\":\"fr-FR\"},{\"@type\":\"Organization\",\"@id\":\"https:\\\/\\\/chateausteagnes.com\\\/fr\\\/#organization\",\"name\":\"Ch\u00e2teau Ste-Agn\u00e8s\",\"url\":\"https:\\\/\\\/chateausteagnes.com\\\/fr\\\/\",\"logo\":{\"@type\":\"ImageObject\",\"inLanguage\":\"fr-FR\",\"@id\":\"https:\\\/\\\/chateausteagnes.com\\\/fr\\\/#\\\/schema\\\/logo\\\/image\\\/\",\"url\":\"https:\\\/\\\/www.chateausteagnes.com\\\/wp-content\\\/uploads\\\/2023\\\/01\\\/newlogo-nosymbol.png\",\"contentUrl\":\"https:\\\/\\\/www.chateausteagnes.com\\\/wp-content\\\/uploads\\\/2023\\\/01\\\/newlogo-nosymbol.png\",\"width\":590,\"height\":133,\"caption\":\"Ch\u00e2teau Ste-Agn\u00e8s\"},\"image\":{\"@id\":\"https:\\\/\\\/chateausteagnes.com\\\/fr\\\/#\\\/schema\\\/logo\\\/image\\\/\"}}]}<\/script>\n<!-- \/ Yoast SEO plugin. -->","yoast_head_json":{"title":"Visite Guid\u00e9e : \u00c9dition Hivernale &#8212; Ch\u00e2teau Ste-Agn\u00e8s","description":"Partez \u00e0 la d\u00e9couverte de notre domaine sous le charme de l'hiver, suivie d'une d\u00e9gustation de quatre de nos vins r\u00e9confortants.","robots":{"index":"index","follow":"follow","max-snippet":"max-snippet:-1","max-image-preview":"max-image-preview:large","max-video-preview":"max-video-preview:-1"},"canonical":"https:\/\/chateausteagnes.com\/fr\/boutique\/experiences-fr\/visite-guidee-edition-hivernale\/","og_locale":"fr_FR","og_type":"article","og_title":"Visite Guid\u00e9e : \u00c9dition Hivernale &#8212; Ch\u00e2teau Ste-Agn\u00e8s","og_description":"Partez \u00e0 la d\u00e9couverte de notre domaine sous le charme de l'hiver, suivie d'une d\u00e9gustation de quatre de nos vins r\u00e9confortants.","og_url":"https:\/\/chateausteagnes.com\/fr\/boutique\/experiences-fr\/visite-guidee-edition-hivernale\/","og_site_name":"Ch\u00e2teau Ste-Agn\u00e8s","article_modified_time":"2025-11-14T13:11:21+00:00","og_image":[{"width":1707,"height":2560,"url":"https:\/\/chateausteagnes.com\/wp-content\/uploads\/DSC_0701-2-scaled.jpg","type":"image\/jpeg"}],"twitter_card":"summary_large_image","twitter_misc":{"Dur\u00e9e de lecture estim\u00e9e":"2 minutes"},"schema":{"@context":"https:\/\/schema.org","@graph":[{"@type":"WebPage","@id":"https:\/\/chateausteagnes.com\/fr\/boutique\/experiences-fr\/visite-guidee-edition-hivernale\/","url":"https:\/\/chateausteagnes.com\/fr\/boutique\/experiences-fr\/visite-guidee-edition-hivernale\/","name":"Visite Guid\u00e9e : \u00c9dition Hivernale &#8212; Ch\u00e2teau Ste-Agn\u00e8s","isPartOf":{"@id":"https:\/\/chateausteagnes.com\/fr\/#website"},"primaryImageOfPage":{"@id":"https:\/\/chateausteagnes.com\/fr\/boutique\/experiences-fr\/visite-guidee-edition-hivernale\/#primaryimage"},"image":{"@id":"https:\/\/chateausteagnes.com\/fr\/boutique\/experiences-fr\/visite-guidee-edition-hivernale\/#primaryimage"},"thumbnailUrl":"https:\/\/chateausteagnes.com\/wp-content\/uploads\/DSC_0701-2-scaled.jpg","datePublished":"2024-09-02T15:56:13+00:00","dateModified":"2025-11-14T13:11:21+00:00","description":"Partez \u00e0 la d\u00e9couverte de notre domaine sous le charme de l'hiver, suivie d'une d\u00e9gustation de quatre de nos vins r\u00e9confortants.","breadcrumb":{"@id":"https:\/\/chateausteagnes.com\/fr\/boutique\/experiences-fr\/visite-guidee-edition-hivernale\/#breadcrumb"},"inLanguage":"fr-FR","potentialAction":[{"@type":"ReadAction","target":["https:\/\/chateausteagnes.com\/fr\/boutique\/experiences-fr\/visite-guidee-edition-hivernale\/"]}]},{"@type":"ImageObject","inLanguage":"fr-FR","@id":"https:\/\/chateausteagnes.com\/fr\/boutique\/experiences-fr\/visite-guidee-edition-hivernale\/#primaryimage","url":"https:\/\/chateausteagnes.com\/wp-content\/uploads\/DSC_0701-2-scaled.jpg","contentUrl":"https:\/\/chateausteagnes.com\/wp-content\/uploads\/DSC_0701-2-scaled.jpg","width":1707,"height":2560},{"@type":"BreadcrumbList","@id":"https:\/\/chateausteagnes.com\/fr\/boutique\/experiences-fr\/visite-guidee-edition-hivernale\/#breadcrumb","itemListElement":[{"@type":"ListItem","position":1,"name":"Home","item":"https:\/\/chateausteagnes.com\/fr\/"},{"@type":"ListItem","position":2,"name":"Boutique","item":"https:\/\/chateausteagnes.com\/fr\/boutique\/"},{"@type":"ListItem","position":3,"name":"Visite Guid\u00e9e : \u00c9dition Hivernale"}]},{"@type":"WebSite","@id":"https:\/\/chateausteagnes.com\/fr\/#website","url":"https:\/\/chateausteagnes.com\/fr\/","name":"Ch\u00e2teau Ste-Agn\u00e8s","description":"","publisher":{"@id":"https:\/\/chateausteagnes.com\/fr\/#organization"},"potentialAction":[{"@type":"SearchAction","target":{"@type":"EntryPoint","urlTemplate":"https:\/\/chateausteagnes.com\/fr\/?s={search_term_string}"},"query-input":{"@type":"PropertyValueSpecification","valueRequired":true,"valueName":"search_term_string"}}],"inLanguage":"fr-FR"},{"@type":"Organization","@id":"https:\/\/chateausteagnes.com\/fr\/#organization","name":"Ch\u00e2teau Ste-Agn\u00e8s","url":"https:\/\/chateausteagnes.com\/fr\/","logo":{"@type":"ImageObject","inLanguage":"fr-FR","@id":"https:\/\/chateausteagnes.com\/fr\/#\/schema\/logo\/image\/","url":"https:\/\/www.chateausteagnes.com\/wp-content\/uploads\/2023\/01\/newlogo-nosymbol.png","contentUrl":"https:\/\/www.chateausteagnes.com\/wp-content\/uploads\/2023\/01\/newlogo-nosymbol.png","width":590,"height":133,"caption":"Ch\u00e2teau Ste-Agn\u00e8s"},"image":{"@id":"https:\/\/chateausteagnes.com\/fr\/#\/schema\/logo\/image\/"}}]}},"jetpack_sharing_enabled":true,"_links":{"self":[{"href":"https:\/\/chateausteagnes.com\/fr\/wp-json\/wp\/v2\/product\/16461","targetHints":{"allow":["GET"]}}],"collection":[{"href":"https:\/\/chateausteagnes.com\/fr\/wp-json\/wp\/v2\/product"}],"about":[{"href":"https:\/\/chateausteagnes.com\/fr\/wp-json\/wp\/v2\/types\/product"}],"wp:featuredmedia":[{"embeddable":true,"href":"https:\/\/chateausteagnes.com\/fr\/wp-json\/wp\/v2\/media\/28986"}],"wp:attachment":[{"href":"https:\/\/chateausteagnes.com\/fr\/wp-json\/wp\/v2\/media?parent=16461"}],"wp:term":[{"taxonomy":"product_brand","embeddable":true,"href":"https:\/\/chateausteagnes.com\/fr\/wp-json\/wp\/v2\/product_brand?post=16461"},{"taxonomy":"product_cat","embeddable":true,"href":"https:\/\/chateausteagnes.com\/fr\/wp-json\/wp\/v2\/product_cat?post=16461"},{"taxonomy":"product_tag","embeddable":true,"href":"https:\/\/chateausteagnes.com\/fr\/wp-json\/wp\/v2\/product_tag?post=16461"}],"curies":[{"name":"wp","href":"https:\/\/api.w.org\/{rel}","templated":true}]}}