{"id":655,"date":"2023-01-05T13:44:14","date_gmt":"2023-01-05T13:44:14","guid":{"rendered":"https:\/\/www.chateausteagnes.com\/panier\/"},"modified":"2023-06-28T02:15:37","modified_gmt":"2023-06-28T02:15:37","slug":"panier","status":"publish","type":"page","link":"https:\/\/chateausteagnes.com\/fr\/panier\/","title":{"rendered":"Panier"},"content":{"rendered":"<p>[et_pb_section fb_built=\u00a0\u00bb1&Prime; custom_padding_last_edited=\u00a0\u00bbon|phone\u00a0\u00bb _builder_version=\u00a0\u00bb4.20.2&Prime; background_color=\u00a0\u00bb#F6F3F0&Prime; custom_padding=\u00a0\u00bb80px|60px|80px|60px|false|false\u00a0\u00bb custom_padding_tablet=\u00a0\u00bb|20px||20px|false|false\u00a0\u00bb custom_padding_phone=\u00a0\u00bb|20px||20px|false|false\u00a0\u00bb global_colors_info=\u00a0\u00bb{}\u00a0\u00bb][et_pb_row _builder_version=\u00a0\u00bb4.20.2&Prime; background_size=\u00a0\u00bbinitial\u00a0\u00bb background_position=\u00a0\u00bbtop_left\u00a0\u00bb background_repeat=\u00a0\u00bbrepeat\u00a0\u00bb width=\u00a0\u00bb100%\u00a0\u00bb global_colors_info=\u00a0\u00bb{}\u00a0\u00bb][et_pb_column type=\u00a0\u00bb4_4&Prime; _builder_version=\u00a0\u00bb4.16&Prime; custom_padding=\u00a0\u00bb|||\u00a0\u00bb global_colors_info=\u00a0\u00bb{}\u00a0\u00bb custom_padding__hover=\u00a0\u00bb|||\u00a0\u00bb][et_pb_post_title meta=\u00a0\u00bboff\u00a0\u00bb featured_image=\u00a0\u00bboff\u00a0\u00bb _builder_version=\u00a0\u00bb4.16&Prime; global_colors_info=\u00a0\u00bb{}\u00a0\u00bb][\/et_pb_post_title][et_pb_wc_cart_notice _builder_version=\u00a0\u00bb4.20.2&Prime; title_text_color=\u00a0\u00bb#423E3D\u00a0\u00bb title_font_size=\u00a0\u00bb14px\u00a0\u00bb background_color=\u00a0\u00bb#F3EEE7&Prime; custom_button=\u00a0\u00bbon\u00a0\u00bb button_bg_color=\u00a0\u00bbRGBA(255,255,255,0)\u00a0\u00bb button_letter_spacing=\u00a0\u00bb2px\u00a0\u00bb button_use_icon=\u00a0\u00bboff\u00a0\u00bb button_custom_padding=\u00a0\u00bb|0px|10px|0px|false|false\u00a0\u00bb custom_padding=\u00a0\u00bb10px|15px|10px|15px|false|false\u00a0\u00bb global_colors_info=\u00a0\u00bb{}\u00a0\u00bb][\/et_pb_wc_cart_notice][et_pb_wc_cart_products _builder_version=\u00a0\u00bb4.21.0&Prime; icon_text_color=\u00a0\u00bb#423E3D\u00a0\u00bb icon_font_size=\u00a0\u00bb14px\u00a0\u00bb custom_button=\u00a0\u00bbon\u00a0\u00bb button_letter_spacing=\u00a0\u00bb2px\u00a0\u00bb button_use_icon=\u00a0\u00bboff\u00a0\u00bb button_custom_padding=\u00a0\u00bb|0px||0px|false|false\u00a0\u00bb custom_disabled_button=\u00a0\u00bbon\u00a0\u00bb disabled_button_letter_spacing=\u00a0\u00bb2px\u00a0\u00bb hover_enabled=\u00a0\u00bb0&Prime; border_width_all_table=\u00a0\u00bb0px\u00a0\u00bb global_colors_info=\u00a0\u00bb{}\u00a0\u00bb icon_background_color__hover_enabled=\u00a0\u00bbon|hover\u00a0\u00bb icon_text_color__hover_enabled=\u00a0\u00bbon|hover\u00a0\u00bb icon_text_color__hover=\u00a0\u00bb#423E3D\u00a0\u00bb form_field_font_size=\u00a0\u00bb16px\u00a0\u00bb sticky_enabled=\u00a0\u00bb0&Prime;][\/et_pb_wc_cart_products][\/et_pb_column][\/et_pb_row][et_pb_row column_structure=\u00a0\u00bb2_5,3_5&Prime; _builder_version=\u00a0\u00bb4.20.2&Prime; background_size=\u00a0\u00bbinitial\u00a0\u00bb background_position=\u00a0\u00bbtop_left\u00a0\u00bb background_repeat=\u00a0\u00bbrepeat\u00a0\u00bb width=\u00a0\u00bb100%\u00a0\u00bb custom_margin=\u00a0\u00bb40px||||false|false\u00a0\u00bb global_colors_info=\u00a0\u00bb{}\u00a0\u00bb][et_pb_column type=\u00a0\u00bb2_5&Prime; _builder_version=\u00a0\u00bb4.16&Prime; custom_padding=\u00a0\u00bb|||\u00a0\u00bb global_colors_info=\u00a0\u00bb{}\u00a0\u00bb custom_padding__hover=\u00a0\u00bb|||\u00a0\u00bb][et_pb_wc_cross_sells _builder_version=\u00a0\u00bb4.20.2&Prime; custom_margin=\u00a0\u00bb||0px||false|false\u00a0\u00bb custom_padding=\u00a0\u00bb|130px|0px||false|false\u00a0\u00bb global_colors_info=\u00a0\u00bb{}\u00a0\u00bb][\/et_pb_wc_cross_sells][\/et_pb_column][et_pb_column type=\u00a0\u00bb3_5&Prime; _builder_version=\u00a0\u00bb4.16&Prime; custom_padding=\u00a0\u00bb|||\u00a0\u00bb global_colors_info=\u00a0\u00bb{}\u00a0\u00bb custom_padding__hover=\u00a0\u00bb|||\u00a0\u00bb][et_pb_wc_cart_totals _builder_version=\u00a0\u00bb4.20.2&Prime; custom_button=\u00a0\u00bbon\u00a0\u00bb button_letter_spacing=\u00a0\u00bb2px\u00a0\u00bb button_use_icon=\u00a0\u00bboff\u00a0\u00bb button_custom_padding=\u00a0\u00bb0.3em|0em|0.3em|0em|false|false\u00a0\u00bb custom_padding=\u00a0\u00bb||||false|false\u00a0\u00bb border_radii_table=\u00a0\u00bbon|0px|0px|0px|0px\u00a0\u00bb border_color_all_table=\u00a0\u00bbrgba(66,62,61,0.2)\u00a0\u00bb border_color_all_table_cell=\u00a0\u00bbrgba(66,62,61,0.2)\u00a0\u00bb global_colors_info=\u00a0\u00bb{}\u00a0\u00bb][\/et_pb_wc_cart_totals][\/et_pb_column][\/et_pb_row][\/et_pb_section][et_pb_section fb_built=\u00a0\u00bb1&Prime; custom_padding_last_edited=\u00a0\u00bbon|tablet\u00a0\u00bb _builder_version=\u00a0\u00bb4.20.2&Prime; background_color=\u00a0\u00bb#F3EEE7&Prime; custom_padding=\u00a0\u00bb60px|60px|80px|60px|false|false\u00a0\u00bb custom_padding_tablet=\u00a0\u00bb|20px||20px|false|false\u00a0\u00bb custom_padding_phone=\u00a0\u00bb|20px||20px|false|false\u00a0\u00bb global_colors_info=\u00a0\u00bb{}\u00a0\u00bb][et_pb_row column_structure=\u00a0\u00bb2_5,3_5&Prime; _builder_version=\u00a0\u00bb4.20.2&Prime; _module_preset=\u00a0\u00bbdefault\u00a0\u00bb width=\u00a0\u00bb100%\u00a0\u00bb custom_padding=\u00a0\u00bb||||false|false\u00a0\u00bb locked=\u00a0\u00bboff\u00a0\u00bb global_colors_info=\u00a0\u00bb{}\u00a0\u00bb][et_pb_column type=\u00a0\u00bb2_5&Prime; _builder_version=\u00a0\u00bb4.19.4&Prime; _module_preset=\u00a0\u00bbdefault\u00a0\u00bb global_colors_info=\u00a0\u00bb{}\u00a0\u00bb][et_pb_text _builder_version=\u00a0\u00bb4.20.2&Prime; _module_preset=\u00a0\u00bbdefault\u00a0\u00bb custom_margin=\u00a0\u00bb|130px|0px||false|false\u00a0\u00bb custom_margin_tablet=\u00a0\u00bb|0px|||false|false\u00a0\u00bb custom_margin_phone=\u00a0\u00bb|0px|||false|false\u00a0\u00bb custom_margin_last_edited=\u00a0\u00bbon|tablet\u00a0\u00bb custom_padding=\u00a0\u00bb||60px||false|false\u00a0\u00bb border_width_bottom=\u00a0\u00bb1px\u00a0\u00bb border_color_bottom=\u00a0\u00bb#E5DDCF\u00a0\u00bb global_colors_info=\u00a0\u00bb{}\u00a0\u00bb]<\/p>\n<h1 class=\"preFade fadeIn\">A bient\u00f4t !<\/h1>\n<p>Nous nous r\u00e9jouissons d\u00e9j\u00e0 de votre prochaine visite au Ch\u00e2teau Ste-Agn\u00e8s.<\/p>\n<p>[\/et_pb_text][\/et_pb_column][et_pb_column type=\u00a0\u00bb3_5&Prime; _builder_version=\u00a0\u00bb4.19.4&Prime; _module_preset=\u00a0\u00bbdefault\u00a0\u00bb global_colors_info=\u00a0\u00bb{}\u00a0\u00bb][et_pb_text _builder_version=\u00a0\u00bb4.20.2&Prime; _module_preset=\u00a0\u00bbdefault\u00a0\u00bb custom_margin=\u00a0\u00bb||40px||false|false\u00a0\u00bb global_colors_info=\u00a0\u00bb{}\u00a0\u00bb]<\/p>\n<h2><\/h2>\n<h2>CONTACTEZ-NOUS<\/h2>\n<p>Vous avez des questions avant de r\u00e9server ? Utilisez les liens utiles ci-dessous ou contactez-nous. Nous serions ravis de vous entendre !<\/p>\n<p>[\/et_pb_text][et_pb_text _builder_version=\u00a0\u00bb4.20.2&Prime; _module_preset=\u00a0\u00bbdefault\u00a0\u00bb custom_margin=\u00a0\u00bb40px||40px||false|false\u00a0\u00bb global_colors_info=\u00a0\u00bb{}\u00a0\u00bb]<\/p>\n<h3>Questions g\u00e9n\u00e9rales<\/h3>\n<p>+1 438-488-9092<br \/>info@chateausteagnes.com<\/p>\n<p>[\/et_pb_text][et_pb_text _builder_version=\u00a0\u00bb4.20.2&Prime; _module_preset=\u00a0\u00bbdefault\u00a0\u00bb custom_margin=\u00a0\u00bb40px||19px||false|false\u00a0\u00bb global_colors_info=\u00a0\u00bb{}\u00a0\u00bb]<\/p>\n<h3>Adresse<\/h3>\n<p><span>2559 Chem. Route panoramique,<br \/><\/span><span>Sutton, QC J0E 2K0<\/span><\/p>\n<p>[\/et_pb_text][et_pb_button button_url=\u00a0\u00bbhttps:\/\/maps.google.com\/maps\/dir\/\/Ch%C3%A2teau+Ste-Agn%C3%A8s+2559+Chem.+Scenic+Road+Sutton,+Quebec+J0E+2K0\/@45.0236473,-72.5848389,15z\/data=!4m5!4m4!1m0!1m2!1m1!1s0x4cb61b49927954e9:0x1a83fa089e9843da\u00a0\u00bb url_new_window=\u00a0\u00bbon\u00a0\u00bb button_text=\u00a0\u00bbDirections\u00a0\u00bb button_alignment=\u00a0\u00bbleft\u00a0\u00bb _builder_version=\u00a0\u00bb4.20.2&Prime; _module_preset=\u00a0\u00bbdefault\u00a0\u00bb custom_button=\u00a0\u00bbon\u00a0\u00bb button_text_size=\u00a0\u00bb13px\u00a0\u00bb button_text_color=\u00a0\u00bb#423E3D\u00a0\u00bb button_border_width=\u00a0\u00bb1px\u00a0\u00bb button_border_color=\u00a0\u00bbRGBA(255,255,255,0)\u00a0\u00bb button_border_radius=\u00a0\u00bb0px\u00a0\u00bb button_letter_spacing=\u00a0\u00bb2px\u00a0\u00bb button_use_icon=\u00a0\u00bboff\u00a0\u00bb custom_margin=\u00a0\u00bb10px||||false|false\u00a0\u00bb custom_padding=\u00a0\u00bb|0px||0px|false|false\u00a0\u00bb locked=\u00a0\u00bboff\u00a0\u00bb global_colors_info=\u00a0\u00bb{}\u00a0\u00bb button_bg_color__hover_enabled=\u00a0\u00bbon|hover\u00a0\u00bb][\/et_pb_button][et_pb_text _builder_version=\u00a0\u00bb4.20.2&Prime; _module_preset=\u00a0\u00bbdefault\u00a0\u00bb custom_margin=\u00a0\u00bb||40px||false|false\u00a0\u00bb global_colors_info=\u00a0\u00bb{}\u00a0\u00bb]<\/p>\n<h2><\/h2>\n<h2>LIENS UTILES<\/h2>\n<p>Vous avez des questions avant de r\u00e9server ? Utilisez les liens utiles ci-dessous ou contactez-nous. Nous serions ravis de vous entendre !<\/p>\n<p>[\/et_pb_text][et_pb_button button_url=\u00a0\u00bb@ET-DC@eyJkeW5hbWljIjp0cnVlLCJjb250ZW50IjoicG9zdF9saW5rX3VybF9wYWdlIiwic2V0dGluZ3MiOnsicG9zdF9pZCI6Ijk0MyJ9fQ==@\u00a0\u00bb url_new_window=\u00a0\u00bbon\u00a0\u00bb button_text=\u00a0\u00bbFAQ\u00a0\u00bb button_alignment=\u00a0\u00bbleft\u00a0\u00bb _builder_version=\u00a0\u00bb4.20.2&Prime; _dynamic_attributes=\u00a0\u00bbbutton_url\u00a0\u00bb _module_preset=\u00a0\u00bbdefault\u00a0\u00bb custom_button=\u00a0\u00bbon\u00a0\u00bb button_text_size=\u00a0\u00bb13px\u00a0\u00bb button_text_color=\u00a0\u00bb#423E3D\u00a0\u00bb button_border_width=\u00a0\u00bb1px\u00a0\u00bb button_border_color=\u00a0\u00bbRGBA(255,255,255,0)\u00a0\u00bb button_border_radius=\u00a0\u00bb0px\u00a0\u00bb button_letter_spacing=\u00a0\u00bb2px\u00a0\u00bb button_use_icon=\u00a0\u00bboff\u00a0\u00bb custom_margin=\u00a0\u00bb10px||||false|false\u00a0\u00bb custom_padding=\u00a0\u00bb|0px||0px|false|false\u00a0\u00bb locked=\u00a0\u00bboff\u00a0\u00bb global_colors_info=\u00a0\u00bb{}\u00a0\u00bb button_bg_color__hover_enabled=\u00a0\u00bbon|hover\u00a0\u00bb][\/et_pb_button][et_pb_button button_url=\u00a0\u00bb@ET-DC@eyJkeW5hbWljIjp0cnVlLCJjb250ZW50IjoicG9zdF9saW5rX3VybF9wYWdlIiwic2V0dGluZ3MiOnsicG9zdF9pZCI6IjQ5NyJ9fQ==@\u00a0\u00bb url_new_window=\u00a0\u00bbon\u00a0\u00bb button_text=\u00a0\u00bbConditions G\u00e9n\u00e9rales\u00a0\u00bb button_alignment=\u00a0\u00bbleft\u00a0\u00bb _builder_version=\u00a0\u00bb4.20.2&Prime; _dynamic_attributes=\u00a0\u00bbbutton_url\u00a0\u00bb _module_preset=\u00a0\u00bbdefault\u00a0\u00bb custom_button=\u00a0\u00bbon\u00a0\u00bb button_text_size=\u00a0\u00bb13px\u00a0\u00bb button_text_color=\u00a0\u00bb#423E3D\u00a0\u00bb button_border_width=\u00a0\u00bb1px\u00a0\u00bb button_border_color=\u00a0\u00bbRGBA(255,255,255,0)\u00a0\u00bb button_border_radius=\u00a0\u00bb0px\u00a0\u00bb button_letter_spacing=\u00a0\u00bb2px\u00a0\u00bb button_use_icon=\u00a0\u00bboff\u00a0\u00bb custom_margin=\u00a0\u00bb10px||||false|false\u00a0\u00bb custom_padding=\u00a0\u00bb|0px||0px|false|false\u00a0\u00bb locked=\u00a0\u00bboff\u00a0\u00bb global_colors_info=\u00a0\u00bb{}\u00a0\u00bb button_bg_color__hover_enabled=\u00a0\u00bbon|hover\u00a0\u00bb][\/et_pb_button][\/et_pb_column][\/et_pb_row][\/et_pb_section]<\/p>\n","protected":false},"excerpt":{"rendered":"<p>A bient\u00f4t ! Nous nous r\u00e9jouissons d\u00e9j\u00e0 de votre prochaine visite au Ch\u00e2teau Ste-Agn\u00e8s. CONTACTEZ-NOUS Vous avez des questions avant de r\u00e9server ? Utilisez les liens utiles ci-dessous ou contactez-nous. Nous serions ravis de vous entendre !Questions g\u00e9n\u00e9rales +1 438-488-9092info@chateausteagnes.comAdresse 2559 Chem. Route panoramique,Sutton, QC J0E 2K0 LIENS UTILES Vous avez des questions avant de [&hellip;]<\/p>\n","protected":false},"author":1,"featured_media":1048,"parent":0,"menu_order":0,"comment_status":"closed","ping_status":"closed","template":"","meta":{"_et_pb_use_builder":"on","_et_pb_old_content":"","_et_gb_content_width":"","footnotes":""},"class_list":["post-655","page","type-page","status-publish","has-post-thumbnail","hentry"],"yoast_head":"<!-- This site is optimized with the Yoast SEO plugin v27.4 - https:\/\/yoast.com\/product\/yoast-seo-wordpress\/ -->\n<title>Panier &#8212; Ch\u00e2teau Ste-Agn\u00e8s<\/title>\n<meta name=\"robots\" content=\"index, follow, max-snippet:-1, max-image-preview:large, max-video-preview:-1\" \/>\n<link rel=\"canonical\" href=\"https:\/\/chateausteagnes.com\/fr\/panier\/\" \/>\n<meta property=\"og:locale\" content=\"fr_FR\" \/>\n<meta property=\"og:type\" content=\"article\" \/>\n<meta property=\"og:title\" content=\"Panier &#8212; Ch\u00e2teau Ste-Agn\u00e8s\" \/>\n<meta property=\"og:description\" content=\"A bient\u00f4t ! Nous nous r\u00e9jouissons d\u00e9j\u00e0 de votre prochaine visite au Ch\u00e2teau Ste-Agn\u00e8s. CONTACTEZ-NOUS Vous avez des questions avant de r\u00e9server ? Utilisez les liens utiles ci-dessous ou contactez-nous. Nous serions ravis de vous entendre !Questions g\u00e9n\u00e9rales +1 438-488-9092info@chateausteagnes.comAdresse 2559 Chem. Route panoramique,Sutton, QC J0E 2K0 LIENS UTILES Vous avez des questions avant de [&hellip;]\" \/>\n<meta property=\"og:url\" content=\"https:\/\/chateausteagnes.com\/fr\/panier\/\" \/>\n<meta property=\"og:site_name\" content=\"Ch\u00e2teau Ste-Agn\u00e8s\" \/>\n<meta property=\"article:modified_time\" content=\"2023-06-28T02:15:37+00:00\" \/>\n<meta property=\"og:image\" content=\"https:\/\/chateausteagnes.com\/wp-content\/uploads\/Chateau-Ste-Agnes-Thumbnail.png\" \/>\n\t<meta property=\"og:image:width\" content=\"1500\" \/>\n\t<meta property=\"og:image:height\" content=\"839\" \/>\n\t<meta property=\"og:image:type\" content=\"image\/png\" \/>\n<meta name=\"twitter:card\" content=\"summary_large_image\" \/>\n<meta name=\"twitter:label1\" content=\"Dur\u00e9e de lecture estim\u00e9e\" \/>\n\t<meta name=\"twitter:data1\" content=\"5 minutes\" \/>\n<script type=\"application\/ld+json\" class=\"yoast-schema-graph\">{\"@context\":\"https:\\\/\\\/schema.org\",\"@graph\":[{\"@type\":\"WebPage\",\"@id\":\"https:\\\/\\\/chateausteagnes.com\\\/fr\\\/panier\\\/\",\"url\":\"https:\\\/\\\/chateausteagnes.com\\\/fr\\\/panier\\\/\",\"name\":\"Panier &#8212; Ch\u00e2teau Ste-Agn\u00e8s\",\"isPartOf\":{\"@id\":\"https:\\\/\\\/chateausteagnes.com\\\/fr\\\/#website\"},\"primaryImageOfPage\":{\"@id\":\"https:\\\/\\\/chateausteagnes.com\\\/fr\\\/panier\\\/#primaryimage\"},\"image\":{\"@id\":\"https:\\\/\\\/chateausteagnes.com\\\/fr\\\/panier\\\/#primaryimage\"},\"thumbnailUrl\":\"https:\\\/\\\/chateausteagnes.com\\\/wp-content\\\/uploads\\\/Chateau-Ste-Agnes-Thumbnail.png\",\"datePublished\":\"2023-01-05T13:44:14+00:00\",\"dateModified\":\"2023-06-28T02:15:37+00:00\",\"breadcrumb\":{\"@id\":\"https:\\\/\\\/chateausteagnes.com\\\/fr\\\/panier\\\/#breadcrumb\"},\"inLanguage\":\"fr-FR\",\"potentialAction\":[{\"@type\":\"ReadAction\",\"target\":[\"https:\\\/\\\/chateausteagnes.com\\\/fr\\\/panier\\\/\"]}]},{\"@type\":\"ImageObject\",\"inLanguage\":\"fr-FR\",\"@id\":\"https:\\\/\\\/chateausteagnes.com\\\/fr\\\/panier\\\/#primaryimage\",\"url\":\"https:\\\/\\\/chateausteagnes.com\\\/wp-content\\\/uploads\\\/Chateau-Ste-Agnes-Thumbnail.png\",\"contentUrl\":\"https:\\\/\\\/chateausteagnes.com\\\/wp-content\\\/uploads\\\/Chateau-Ste-Agnes-Thumbnail.png\",\"width\":1500,\"height\":839,\"caption\":\"Ch\u00e2teau Ste-Agn\u00e8s Thumbnail\"},{\"@type\":\"BreadcrumbList\",\"@id\":\"https:\\\/\\\/chateausteagnes.com\\\/fr\\\/panier\\\/#breadcrumb\",\"itemListElement\":[{\"@type\":\"ListItem\",\"position\":1,\"name\":\"Home\",\"item\":\"https:\\\/\\\/chateausteagnes.com\\\/fr\\\/\"},{\"@type\":\"ListItem\",\"position\":2,\"name\":\"Panier\"}]},{\"@type\":\"WebSite\",\"@id\":\"https:\\\/\\\/chateausteagnes.com\\\/fr\\\/#website\",\"url\":\"https:\\\/\\\/chateausteagnes.com\\\/fr\\\/\",\"name\":\"Ch\u00e2teau Ste-Agn\u00e8s\",\"description\":\"\",\"publisher\":{\"@id\":\"https:\\\/\\\/chateausteagnes.com\\\/fr\\\/#organization\"},\"potentialAction\":[{\"@type\":\"SearchAction\",\"target\":{\"@type\":\"EntryPoint\",\"urlTemplate\":\"https:\\\/\\\/chateausteagnes.com\\\/fr\\\/?s={search_term_string}\"},\"query-input\":{\"@type\":\"PropertyValueSpecification\",\"valueRequired\":true,\"valueName\":\"search_term_string\"}}],\"inLanguage\":\"fr-FR\"},{\"@type\":\"Organization\",\"@id\":\"https:\\\/\\\/chateausteagnes.com\\\/fr\\\/#organization\",\"name\":\"Ch\u00e2teau Ste-Agn\u00e8s\",\"url\":\"https:\\\/\\\/chateausteagnes.com\\\/fr\\\/\",\"logo\":{\"@type\":\"ImageObject\",\"inLanguage\":\"fr-FR\",\"@id\":\"https:\\\/\\\/chateausteagnes.com\\\/fr\\\/#\\\/schema\\\/logo\\\/image\\\/\",\"url\":\"https:\\\/\\\/www.chateausteagnes.com\\\/wp-content\\\/uploads\\\/2023\\\/01\\\/newlogo-nosymbol.png\",\"contentUrl\":\"https:\\\/\\\/www.chateausteagnes.com\\\/wp-content\\\/uploads\\\/2023\\\/01\\\/newlogo-nosymbol.png\",\"width\":590,\"height\":133,\"caption\":\"Ch\u00e2teau Ste-Agn\u00e8s\"},\"image\":{\"@id\":\"https:\\\/\\\/chateausteagnes.com\\\/fr\\\/#\\\/schema\\\/logo\\\/image\\\/\"}}]}<\/script>\n<!-- \/ Yoast SEO plugin. -->","yoast_head_json":{"title":"Panier &#8212; Ch\u00e2teau Ste-Agn\u00e8s","robots":{"index":"index","follow":"follow","max-snippet":"max-snippet:-1","max-image-preview":"max-image-preview:large","max-video-preview":"max-video-preview:-1"},"canonical":"https:\/\/chateausteagnes.com\/fr\/panier\/","og_locale":"fr_FR","og_type":"article","og_title":"Panier &#8212; Ch\u00e2teau Ste-Agn\u00e8s","og_description":"A bient\u00f4t ! Nous nous r\u00e9jouissons d\u00e9j\u00e0 de votre prochaine visite au Ch\u00e2teau Ste-Agn\u00e8s. CONTACTEZ-NOUS Vous avez des questions avant de r\u00e9server ? Utilisez les liens utiles ci-dessous ou contactez-nous. Nous serions ravis de vous entendre !Questions g\u00e9n\u00e9rales +1 438-488-9092info@chateausteagnes.comAdresse 2559 Chem. Route panoramique,Sutton, QC J0E 2K0 LIENS UTILES Vous avez des questions avant de [&hellip;]","og_url":"https:\/\/chateausteagnes.com\/fr\/panier\/","og_site_name":"Ch\u00e2teau Ste-Agn\u00e8s","article_modified_time":"2023-06-28T02:15:37+00:00","og_image":[{"width":1500,"height":839,"url":"https:\/\/chateausteagnes.com\/wp-content\/uploads\/Chateau-Ste-Agnes-Thumbnail.png","type":"image\/png"}],"twitter_card":"summary_large_image","twitter_misc":{"Dur\u00e9e de lecture estim\u00e9e":"5 minutes"},"schema":{"@context":"https:\/\/schema.org","@graph":[{"@type":"WebPage","@id":"https:\/\/chateausteagnes.com\/fr\/panier\/","url":"https:\/\/chateausteagnes.com\/fr\/panier\/","name":"Panier &#8212; Ch\u00e2teau Ste-Agn\u00e8s","isPartOf":{"@id":"https:\/\/chateausteagnes.com\/fr\/#website"},"primaryImageOfPage":{"@id":"https:\/\/chateausteagnes.com\/fr\/panier\/#primaryimage"},"image":{"@id":"https:\/\/chateausteagnes.com\/fr\/panier\/#primaryimage"},"thumbnailUrl":"https:\/\/chateausteagnes.com\/wp-content\/uploads\/Chateau-Ste-Agnes-Thumbnail.png","datePublished":"2023-01-05T13:44:14+00:00","dateModified":"2023-06-28T02:15:37+00:00","breadcrumb":{"@id":"https:\/\/chateausteagnes.com\/fr\/panier\/#breadcrumb"},"inLanguage":"fr-FR","potentialAction":[{"@type":"ReadAction","target":["https:\/\/chateausteagnes.com\/fr\/panier\/"]}]},{"@type":"ImageObject","inLanguage":"fr-FR","@id":"https:\/\/chateausteagnes.com\/fr\/panier\/#primaryimage","url":"https:\/\/chateausteagnes.com\/wp-content\/uploads\/Chateau-Ste-Agnes-Thumbnail.png","contentUrl":"https:\/\/chateausteagnes.com\/wp-content\/uploads\/Chateau-Ste-Agnes-Thumbnail.png","width":1500,"height":839,"caption":"Ch\u00e2teau Ste-Agn\u00e8s Thumbnail"},{"@type":"BreadcrumbList","@id":"https:\/\/chateausteagnes.com\/fr\/panier\/#breadcrumb","itemListElement":[{"@type":"ListItem","position":1,"name":"Home","item":"https:\/\/chateausteagnes.com\/fr\/"},{"@type":"ListItem","position":2,"name":"Panier"}]},{"@type":"WebSite","@id":"https:\/\/chateausteagnes.com\/fr\/#website","url":"https:\/\/chateausteagnes.com\/fr\/","name":"Ch\u00e2teau Ste-Agn\u00e8s","description":"","publisher":{"@id":"https:\/\/chateausteagnes.com\/fr\/#organization"},"potentialAction":[{"@type":"SearchAction","target":{"@type":"EntryPoint","urlTemplate":"https:\/\/chateausteagnes.com\/fr\/?s={search_term_string}"},"query-input":{"@type":"PropertyValueSpecification","valueRequired":true,"valueName":"search_term_string"}}],"inLanguage":"fr-FR"},{"@type":"Organization","@id":"https:\/\/chateausteagnes.com\/fr\/#organization","name":"Ch\u00e2teau Ste-Agn\u00e8s","url":"https:\/\/chateausteagnes.com\/fr\/","logo":{"@type":"ImageObject","inLanguage":"fr-FR","@id":"https:\/\/chateausteagnes.com\/fr\/#\/schema\/logo\/image\/","url":"https:\/\/www.chateausteagnes.com\/wp-content\/uploads\/2023\/01\/newlogo-nosymbol.png","contentUrl":"https:\/\/www.chateausteagnes.com\/wp-content\/uploads\/2023\/01\/newlogo-nosymbol.png","width":590,"height":133,"caption":"Ch\u00e2teau Ste-Agn\u00e8s"},"image":{"@id":"https:\/\/chateausteagnes.com\/fr\/#\/schema\/logo\/image\/"}}]}},"jetpack_sharing_enabled":true,"_links":{"self":[{"href":"https:\/\/chateausteagnes.com\/fr\/wp-json\/wp\/v2\/pages\/655","targetHints":{"allow":["GET"]}}],"collection":[{"href":"https:\/\/chateausteagnes.com\/fr\/wp-json\/wp\/v2\/pages"}],"about":[{"href":"https:\/\/chateausteagnes.com\/fr\/wp-json\/wp\/v2\/types\/page"}],"author":[{"embeddable":true,"href":"https:\/\/chateausteagnes.com\/fr\/wp-json\/wp\/v2\/users\/1"}],"replies":[{"embeddable":true,"href":"https:\/\/chateausteagnes.com\/fr\/wp-json\/wp\/v2\/comments?post=655"}],"version-history":[{"count":16,"href":"https:\/\/chateausteagnes.com\/fr\/wp-json\/wp\/v2\/pages\/655\/revisions"}],"predecessor-version":[{"id":3657,"href":"https:\/\/chateausteagnes.com\/fr\/wp-json\/wp\/v2\/pages\/655\/revisions\/3657"}],"wp:featuredmedia":[{"embeddable":true,"href":"https:\/\/chateausteagnes.com\/fr\/wp-json\/wp\/v2\/media\/1048"}],"wp:attachment":[{"href":"https:\/\/chateausteagnes.com\/fr\/wp-json\/wp\/v2\/media?parent=655"}],"curies":[{"name":"wp","href":"https:\/\/api.w.org\/{rel}","templated":true}]}}